{"id":525,"date":"2014-08-13T09:23:08","date_gmt":"2014-08-13T09:23:08","guid":{"rendered":"http:\/\/www.iot-conference.org\/iot2014\/?page_id=525"},"modified":"2019-11-19T13:18:13","modified_gmt":"2019-11-19T13:18:13","slug":"sessions","status":"publish","type":"page","link":"https:\/\/iot-conference.org\/iot2014\/sessions\/","title":{"rendered":"Technical Sessions"},"content":{"rendered":"<h2>IoT Architecture and System Design I<\/h2>\n<p><strong>Monday, October 6, 9:30 \u2013 10:30<\/strong><\/p>\n<p><strong>9:30 \u2013 10:00<\/strong><br \/>\n<em>Californium: Scalable Cloud Services for the Internet of Things with CoAP<\/em><br \/>\nKovatsch, Matthias (ETH Zurich, Switzerland); Lanter, Martin (ETH Zurich, Switzerland); Shelby, Zach (ARM Inc., USA)<\/p>\n<p><strong>10:00 \u2013 10:30<\/strong><br \/>\n<em>The relevance and impact of IPv6 multicasting for Wireless Sensor and Actuator Networks based on 6LoWPAN and Constrained RESTful Environments<\/em><br \/>\nJung, Markus (Vienna University of Technology, Austria); Raich, Philipp (Vienna University of Technology, Austria); Kastner, Wolfgang (TU Vienna (Wien), Austria)<\/p>\n<h2>Interface and Control Systems<\/h2>\n<p><strong>Monday, October 6,\u00a09:30\u00a0\u2013 10:30<\/strong><\/p>\n<p><strong>9:30\u00a0\u2013\u00a010:00<\/strong><br \/>\n<em>VeCure: A Practical Security Framework to Protect the CAN bus of Vehicles<\/em><br \/>\nWang, Qiyan (Symantec Research Labs, USA); Sawhney, Sanjay (Symantec Research Labs, USA)<\/p>\n<p><strong>10:00\u00a0\u2013 10:30<\/strong><br \/>\n<em>End-User Installation of Heterogeneous Home Automation Systems Using Pen and Paper Interfaces and Dynamically Generated Documentation<\/em><br \/>\nMiclaus, Andrei (TECO, Karlsruhe Institute of Technology, Germany); Riedel, Till (TecO, Karlsruhe Institute of Technology, Germany); Beigl, Michael (KIT, Germany)<\/p>\n<h2>IoT Analytics<\/h2>\n<p><strong>Monday, October 6, 14:30 \u2013 16:30<\/strong><\/p>\n<p><strong>14:30 \u2013 15:00<\/strong><br \/>\n<em>Look twice: Uncover hidden information in room climate sensor data<\/em><br \/>\nW\u00f6rner, Dominic (ETH Z\u00fcrich, Switzerland); von Bomhard, Thomas (University of St. Gallen, Switzerland); R\u00f6schlin, Marc (ETH Z\u00fcrich, Switzerland); Wortmann, Felix (University of St. Gallen, Switzerland)<\/p>\n<p><strong>15:00 \u2013 15:30<\/strong><br \/>\n<em>Data Driven Quantitative Trust Model for the Internet of Agricultural Things<\/em><br \/>\nHan, Weili (Fudan University, P.R. China); Gu, Yun (Fudan University, P.R. China); Zhang, Yin (Fudan University, P.R. China); Zheng, Lirong (Fudan University, P.R. China)<\/p>\n<p><strong>15:30 \u2013 16:00<\/strong><br \/>\n<em>Human-object Interaction Reasoning using RFID-enabled Smart Shelf<\/em><br \/>\nMeli\u00e0-Segu\u00ed, Joan (Universitat Pompeu Fabra, Spain); Pous, Rafael (Universitat Pompeu Fabra, Spain)<\/p>\n<p><strong>16:00\u2013 16:30<\/strong><\/p>\n<p><em>Content-based Query for Class-level Tagged Items via the EPC Network<\/em><br \/>\nWang, Zhijun (Donghua University, P.R. China); Jiang, Keyuan (Purdue University &#8211; Calumet, USA); Du, Ming (Donghua University, P.R. China); Le, Jiajin (Donghua University, P.R. China)<\/p>\n<h2>IoT Applications and Services<\/h2>\n<p><strong>Tuesday, October 7, 9:00 \u2013 10:00<\/strong><\/p>\n<p><strong>9:00 \u20139:30<\/strong><br \/>\n<em>Using machine-to-machine\/&#8221;Internet of Things&#8221; communication to simplify medical device information exchange<\/em><br \/>\nG\u00f6rges, Matthias (University of British Columbia, Canada); Petersen, Christian (University of British Columbia, Canada); Dumont, Guy (University of British Columbia, Canada); Ansermino, J Mark (University of British Columbia, Canada)<\/p>\n<p><strong>9:30 \u2013 10:00<\/strong><br \/>\n<em>How IoT will change the design and operation of logistics systems<\/em><br \/>\nten Hompel, Michael (TU Dortmund, University of Technology, Germany); Nettstr\u00e4ter, Andreas (Fraunhofer Institute for Material Flow and Logistics, Germany); Prasse, Christian (Fraunhofer Institute for Material Flow and Logistics, Germany)<\/p>\n<h2>Cloud Computing and Semantic Web Technologies<\/h2>\n<p><strong>Tuesday, October 7, 9:00 \u2013 10:30<\/strong><\/p>\n<p><strong>9:00 \u2013 9:30<\/strong><br \/>\n<em>Configuration of Smart Environments Made Simple &#8211; Combining Visual Modeling with Semantic Metadata and Reasoning<\/em><br \/>\nMayer, Simon (ETH Z\u00fcrich, Switzerland); Inhelder, Nadine (ETH Zurich, Switzerland); Verborgh, Ruben (Ghent University \u2013 iMinds, Belgium); Van de Walle, Rik (Ghent University &#8211; iMinds, Belgium); Mattern, Friedemann (ETH Z\u00fcrich, Switzerland)<\/p>\n<p><strong>9:30 \u2013 10:00<\/strong><em>Semantic Data Provisioning and Reasoning for the Internet of Things<\/em><br \/>\nMaarala, Altti Ilari (University of Oulu, Finland); Su, Xiang (University of Oulu, Finland); Riekki, Jukka (University of Oulu, Finland)<\/p>\n<p><strong>10:00 \u2013 10:30<\/strong><br \/>\n<em>Jade: A Unified Programming Framework for Things, Web, and Cloud<\/em><br \/>\nGhosh, Debashish (McGill University, Canada); Jin, Fan (McGill University, Canada); Maheswaran, Muthucumaru (McGill University, Canada)<\/p>\n<h2>IoT Device and\u00a0Circuit Design<\/h2>\n<p><strong>Wednesday, October 8, 8:45 \u2013 9:45<\/strong><\/p>\n<p><strong>8:45 \u2013 9:15<\/strong><br \/>\n<em>Subcarrier Index Coordinate Expression (SICE): An Ultra-low-power OFDM-compatible Wireless Communications Scheme Tailored for Internet of Things<\/em><br \/>\nKuo, Ping-Heng (Industrial Technology Research Institute, Taiwan); Kung, Ht (Harvard University, USA)<\/p>\n<p><strong>9:15 \u2013 9:45<\/strong><br \/>\n<em>Tag-Antenna-Based Presence Sensing Using Near-Field Traveling-Wave Reader Antenna<\/em><br \/>\nHattori, Wataru (NEC Corporation, Japan); Ohashi, Keishi (Waseda University, Japan); Fukuda, Hiroshi (NEC Corporation, Japan)<\/p>\n<h2>IoT Architecture and System Design II<\/h2>\n<p><strong>Wednesday, October 8, 8:45 \u2013 10:15<\/strong><\/p>\n<p><strong>8:45 \u2013 9:15<\/strong><br \/>\n<em>IoT Interoperability: A Hub-based Approach<\/em><br \/>\nBlackstock, Michael A (University of British Columbia, Canada); Lea, Rodger J (University of British Columbia, Canada)<\/p>\n<p><strong>9:15 \u2013 9:45<\/strong><br \/>\n<em>Game Theoretic Secure Localization in Wireless Sensor Networks<\/em><br \/>\nJha, Susmit (Intel Strategic CAD Labs, USA); Tripakis, Stavros (University of California at Berkeley, USA); Seshia, Sanjit A (University of California, Berkeley, USA); Chatterjee, Krishnendu (Institute of Science and Technology, Austria)<\/p>\n<p><strong>9:45 \u2013 10:15<\/strong><br \/>\n<em>Dragon: Data Discovery and Collection Architecture for Distributed IoT<\/em><br \/>\nKolcun, Roman (Imperial College London, United Kingdom); McCann, Julie A (Imperial College, United Kingdom)<\/p>\n<p>&nbsp;<\/p>\n","protected":false},"excerpt":{"rendered":"<p>IoT Architecture and System Design I Monday, October 6, 9:30 \u2013 10:30 9:30 \u2013 10:00 Californium: Scalable Cloud Services for the Internet of Things with CoAP Kovatsch, Matthias (ETH Zurich, Switzerland); Lanter, Martin (ETH Zurich, Switzerland); Shelby, Zach (ARM Inc.,&hellip;  <\/p>\n<p class=\"more-link\"><a href=\"https:\/\/iot-conference.org\/iot2014\/sessions\/\">Continue reading <span class=\"meta-nav\">&rarr;<\/span><\/a><\/p>\n","protected":false},"author":2,"featured_media":0,"parent":0,"menu_order":0,"comment_status":"closed","ping_status":"open","template":"","meta":{"footnotes":""},"class_list":["post-525","page","type-page","status-publish","hentry"],"_links":{"self":[{"href":"https:\/\/iot-conference.org\/iot2014\/wp-json\/wp\/v2\/pages\/525","targetHints":{"allow":["GET"]}}],"collection":[{"href":"https:\/\/iot-conference.org\/iot2014\/wp-json\/wp\/v2\/pages"}],"about":[{"href":"https:\/\/iot-conference.org\/iot2014\/wp-json\/wp\/v2\/types\/page"}],"author":[{"embeddable":true,"href":"https:\/\/iot-conference.org\/iot2014\/wp-json\/wp\/v2\/users\/2"}],"replies":[{"embeddable":true,"href":"https:\/\/iot-conference.org\/iot2014\/wp-json\/wp\/v2\/comments?post=525"}],"version-history":[{"count":1,"href":"https:\/\/iot-conference.org\/iot2014\/wp-json\/wp\/v2\/pages\/525\/revisions"}],"predecessor-version":[{"id":868,"href":"https:\/\/iot-conference.org\/iot2014\/wp-json\/wp\/v2\/pages\/525\/revisions\/868"}],"wp:attachment":[{"href":"https:\/\/iot-conference.org\/iot2014\/wp-json\/wp\/v2\/media?parent=525"}],"curies":[{"name":"wp","href":"https:\/\/api.w.org\/{rel}","templated":true}]}}