{"id":718,"date":"2014-09-24T06:28:31","date_gmt":"2014-09-24T06:28:31","guid":{"rendered":"http:\/\/www.iot-conference.org\/iot2014\/?page_id=718"},"modified":"2019-11-19T13:18:13","modified_gmt":"2019-11-19T13:18:13","slug":"demo-sessions","status":"publish","type":"page","link":"https:\/\/iot-conference.org\/iot2014\/demo-sessions\/","title":{"rendered":"Demo Sessions"},"content":{"rendered":"<p>Two parallel sessions, \u00a0Demo Session I &amp; II, will feature brief presentations by all demo presenters. During the Open Demo Session on the final day of the conference, all demos will be on display for hands-on demonstrations.<\/p>\n<table>\n<tbody>\n<tr>\n<td width=\"157\"><strong>Demo Session I<\/strong><\/td>\n<td width=\"210\"><strong>Monday October 6 10:45<\/strong><\/td>\n<td width=\"271\"><strong>MultiPurpose Room<\/strong><\/td>\n<\/tr>\n<tr>\n<td width=\"157\"><strong>Demo Session II<\/strong><\/td>\n<td width=\"210\"><strong>Monday October 6 10:45<\/strong><\/td>\n<td width=\"271\"><strong>Silverman Skyline<\/strong><\/td>\n<\/tr>\n<tr>\n<td width=\"157\"><strong>Open Demo Session<\/strong><\/td>\n<td width=\"210\"><strong>Wed. October 8 15:30<\/strong><\/td>\n<td width=\"271\"><strong>Winter Garden &amp; Silverman Skyline<\/strong><\/td>\n<\/tr>\n<\/tbody>\n<\/table>\n<h4><\/h4>\n<table>\n<tbody>\n<tr>\n<td colspan=\"2\" width=\"590\">Demo Session I \u2013 Multipurpose Room<\/td>\n<\/tr>\n<tr>\n<td width=\"55\">1<\/td>\n<td width=\"535\">HeartSense: Photoplethysmography to Estimate Physiological Vitals\u00a0\u00a0 \u00a0<em>Rohan Banerjee, Anirban Dutta Choudhury, Aishwarya Visvanathan &amp; Aditi Misra (Tata Consultancy Services Ltd. Innovation Labs, Kolkata, India)<\/em><\/td>\n<\/tr>\n<tr>\n<td width=\"55\">2<\/td>\n<td width=\"535\">Understanding the Capabilities of IoT Devices \u00a0 \u00a0<em>Stanislav Beran, Edoardo Pignotti &amp; Peter Edwards (Computing Science &amp; dot.rural Digital Economy Hub\u00a0University of Aberdeen, UK)<\/em><\/td>\n<\/tr>\n<tr>\n<td width=\"55\">3<\/td>\n<td width=\"535\">SnapSense: The Modular Sensing Platform for the Internet of Things\u00a0\u00a0 \u00a0<em>Aidan Boran, Alan Leddy &amp; Edmond O\u2019Connor (Bell Labs, Alcatel-Lucent,\u00a0Dublin, Ireland)<\/em><\/td>\n<\/tr>\n<tr>\n<td width=\"55\">4<\/td>\n<td width=\"535\">Appliance Recognition on Internet-of-Things Devices\u00a0\u00a0 \u00a0<em>G\u00e9r\u00f4me Bovet, Antonio Ridiyz &amp; Jean Hennebert (Institut Mines-Telecom, Telecom ParisTech, France; University of Fribourg, Switzerland)<\/em><\/td>\n<\/tr>\n<tr>\n<td width=\"55\">5<\/td>\n<td width=\"535\">The GS1 code based Web of Things Service Architecture with Healthcare Scenario\u00a0\u00a0 \u00a0<em>Jongseok Choi, Minkeun Ha, Nam K Giang, Wondeuk Yoon, Kiwoong Kwon &amp; Daeyoung Kim (Department of Computer Science, KAIST)<\/em><\/td>\n<\/tr>\n<tr>\n<td width=\"55\">6<\/td>\n<td width=\"535\">CANthings: Context-Aware Networks for the Design of Connected Things\u00a0<em>Maryam Davoudpour, Stefan Despot, Mridul Kumar Tiwari &amp; Hossein Rahnama (Ryerson University Toronto, Canada; RTA School of Media)<\/em><\/td>\n<\/tr>\n<tr>\n<td width=\"55\">7<\/td>\n<td width=\"535\">DasData: Focus on building your next big thing\u00a0\u00a0 \u00a0<em>Marius Dima &amp; Dhivya Kumar (Data Land SRL, Romania)<\/em><\/td>\n<\/tr>\n<tr>\n<td width=\"55\">8<\/td>\n<td width=\"535\">The IoTified Platform for Constructing IPv6-based Embedded Web of Things Systems\u00a0\u00a0 \u00a0<em>Khaled Elsayed, Sherif Khattab, Mina Yousif, Muhammad Farag, Khaled Qorany, Mohammed Selim &amp; Bassam Sharkawi (Dept. of Electronics and Communications Engineering, Cairo University, Egypt)<\/em><\/td>\n<\/tr>\n<tr>\n<td width=\"55\">9<\/td>\n<td width=\"535\">Solar-Powered Password Theft &#8211; Turning a Raspberry Pi into an Automated Data Sequestration System\u00a0\u00a0 \u00a0<em>Hisham Hijjawi &amp; Hyeong-Ah Choi (George Washington University, USA)<\/em><\/td>\n<\/tr>\n<tr>\n<td width=\"55\">10<\/td>\n<td width=\"535\">A Human Centric Intelligent Society powered by the Cloud Computing and the Web of Everything: Demonstrating how a bike accident is solved in an hyperconnected world\u00a0\u00a0 \u00a0<em>Antonio J. Jara, Ian Thomas &amp; Lou Fedon (University of Applied Sciences Westen Switzerland (HES-SO); HOP Ubiquitous, Spain; Fujitsu RunMyProcess, Paris, France)<\/em><\/td>\n<\/tr>\n<tr>\n<td width=\"55\">11<\/td>\n<td width=\"535\">Interoperability between IoT Data Silos? OpenIoT Middleware in Action!\u00a0\u00a0 \u00a0<em>Prem Prakash Jayaraman, Doug Palmer, Arkady Zaslavsky, Martin Serrano, Manfred Hauswirth &amp; Stefan Decker (CSIRO, Australia; Insight Centre for Data Analytics (former DERI), Galway, Ireland)<\/em><\/td>\n<\/tr>\n<\/tbody>\n<\/table>\n<table>\n<tbody>\n<tr>\n<td colspan=\"2\" width=\"590\">Demo Session II \u2013 Silverman Skyline<\/td>\n<\/tr>\n<tr>\n<td width=\"55\">1<\/td>\n<td width=\"535\">Lightweight IoT System for Private and Specific User Space\u00a0\u00a0 \u00a0<em>Kyuyeong Jeon, Hyojin Park, Jinhong Yang, Yongrok Kim &amp; Jun Kyun Choi (Department of Information and Communications, Institute for IT Convergence, KAIST, Korea)<\/em><\/td>\n<\/tr>\n<tr>\n<td width=\"55\">2<\/td>\n<td width=\"535\">Microsoft, Azure and the IoT &#8211; How Microsoft supports the Internet of Things\u00a0\u00a0 \u00a0<em>Ivan R. Judson &amp; Josh Holmes (Microsoft, Redmond, WA, USA)<\/em><\/td>\n<\/tr>\n<tr>\n<td width=\"55\">3<\/td>\n<td width=\"535\">IoTSyS: an integration middleware for the Internet of Things\u00a0\u00a0 \u00a0<em>Markus Jung, Jomy Chelakal, J\u00fcrgen Schober, Wolfgang Kastner, Luyu Zhou, Nam Ky Giang (Institute of Computer Aided Automation Vienna University of Technology, Austria; Management Information System University of Technology of Troyes, France; Department of Electrical and Computer Engineering University of British Columbia Vancouver, Canada)<\/em><\/td>\n<\/tr>\n<tr>\n<td width=\"55\">4<\/td>\n<td width=\"535\">Testing Platform for IoT Network Devices: Zbynek Kocur<sup>1<\/sup> , Lukas<br \/>\nKypus<sup>1<\/sup> , Lukas Vojtech<sup>1<\/sup> , Marek Neruda<sup>1<\/sup>, Pavel Stasa<sup>2<\/sup> &amp; Ondrej Vondrous<sup>1<\/sup><br \/>\n1(Department of Telecommunication Engineering, Faculty of Electrical<br \/>\nEngineering, Czech Technical University in Prague, Czech Republic)2(The Institute of Economics and Control Systems, Faculty of Mining and<br \/>\nGeology,VSB &#8211; Technical University of Ostrava, Ostrava &#8211; Poruba, Czech<br \/>\nRepublic)<\/td>\n<\/tr>\n<tr>\n<td width=\"55\">5<\/td>\n<td width=\"535\">Universal Data Analyser for Internet of Things Measurement Tools<br \/>\nLukas Kypus<sup>1<\/sup>\u00a0, Zbynek Kocur<sup>1<\/sup> , Lukas Vojtech<sup>1<\/sup>, Marek Neruda<sup>1<\/sup>, Jakub Unucka<sup>2<\/sup><br \/>\n&amp; Milos Kozak<sup>1<\/sup>1(Department of Telecommunication Engineering, Faculty of<br \/>\nElectrical Engineering, Czech Technical University in Prague, Czech<br \/>\nRepublic)2(Gaben spol. s r. o., Ostrava, Czech Republic)<\/td>\n<\/tr>\n<tr>\n<td width=\"55\">6<\/td>\n<td width=\"535\">An home power energy monitoring and actuating system based on 6LoWPAN over both IEEE 802.15.4 and Power Line networks\u00a0\u00a0 \u00a0<em>Lu\u00eds M. L. Oliveira, Amaro F. de Sousa, Jo\u00e3o Reis &amp; S\u00e9rgio Soldado (Instituto de Telecomunica\u00e7\u00f5es, Portugal; Instituto Polit\u00e9cnico de Tomar, Portugal; Universidade de Aveiro, Portugal; Withus Inova\u00e7\u00e3o e Tecnologia, Aveiro, Portugal)<\/em><\/td>\n<\/tr>\n<tr>\n<td width=\"55\">7<\/td>\n<td width=\"535\">Demonstration of Reliable Powerline Network Communications in Harsh Industrial Environments, Enabling the\u00a0 Internet of Things in an Industrial Environment\u00a0\u00a0 \u00a0<em>Michael Propp (Adaptive Networks Needham, MA, USA)<\/em><\/td>\n<\/tr>\n<tr>\n<td width=\"55\">8<\/td>\n<td width=\"535\">Cognitive Load Measurement on Commercial EEG Headsets Connected to IoT\u00a0\u00a0 \u00a0<em>Diptesh Das, Rajat Das, Debatri Chatterjee, Arijit Sinharay &amp; Aniruddha Sinha (Tata Consultancy Services Ltd. Innovation Labs, Kolkata, India)<\/em><\/td>\n<\/tr>\n<tr>\n<td width=\"55\">9<\/td>\n<td width=\"535\">Beyond the Implant\u00a0\u00a0 \u00a0<em>Sasha Smiljanic &amp; Arun Venkat (Cambridge Consultants Ltd, MA, USA)<\/em><\/td>\n<\/tr>\n<tr>\n<td width=\"55\">10<\/td>\n<td width=\"535\">Analyzing Weather Data from an Arduino-based Weather Station Connected to ThingSpeak\u00a0\u00a0 \u00a0<em>Eric Wetjen, Wael Hemdan, Mark Jones &amp; Rob Purser (The MathWorks, Inc., Natick, MA, USA)<\/em><\/td>\n<\/tr>\n<tr>\n<td width=\"55\">11<\/td>\n<td width=\"535\">Victory: Versatile Internet of Things Application on Mobile Dynamic Service Composition Framework\u00a0\u00a0 \u00a0<em>Sungpil Woo, Sehyun Heo, Janggwan Im &amp; Daeyoung Kim (Deparment of Computer Science, KAIST, Daejeon, South Korea)<\/em><\/td>\n<\/tr>\n<\/tbody>\n<\/table>\n","protected":false},"excerpt":{"rendered":"<p>Two parallel sessions, \u00a0Demo Session I &amp; II, will feature brief presentations by all demo presenters. During the Open Demo Session on the final day of the conference, all demos will be on display for hands-on demonstrations. Demo Session I&hellip;  <\/p>\n<p class=\"more-link\"><a href=\"https:\/\/iot-conference.org\/iot2014\/demo-sessions\/\">Continue reading <span class=\"meta-nav\">&rarr;<\/span><\/a><\/p>\n","protected":false},"author":2,"featured_media":0,"parent":0,"menu_order":0,"comment_status":"closed","ping_status":"open","template":"","meta":{"footnotes":""},"class_list":["post-718","page","type-page","status-publish","hentry"],"_links":{"self":[{"href":"https:\/\/iot-conference.org\/iot2014\/wp-json\/wp\/v2\/pages\/718","targetHints":{"allow":["GET"]}}],"collection":[{"href":"https:\/\/iot-conference.org\/iot2014\/wp-json\/wp\/v2\/pages"}],"about":[{"href":"https:\/\/iot-conference.org\/iot2014\/wp-json\/wp\/v2\/types\/page"}],"author":[{"embeddable":true,"href":"https:\/\/iot-conference.org\/iot2014\/wp-json\/wp\/v2\/users\/2"}],"replies":[{"embeddable":true,"href":"https:\/\/iot-conference.org\/iot2014\/wp-json\/wp\/v2\/comments?post=718"}],"version-history":[{"count":1,"href":"https:\/\/iot-conference.org\/iot2014\/wp-json\/wp\/v2\/pages\/718\/revisions"}],"predecessor-version":[{"id":861,"href":"https:\/\/iot-conference.org\/iot2014\/wp-json\/wp\/v2\/pages\/718\/revisions\/861"}],"wp:attachment":[{"href":"https:\/\/iot-conference.org\/iot2014\/wp-json\/wp\/v2\/media?parent=718"}],"curies":[{"name":"wp","href":"https:\/\/api.w.org\/{rel}","templated":true}]}}