{"id":47,"date":"2017-01-19T15:13:27","date_gmt":"2017-01-19T15:13:27","guid":{"rendered":"https:\/\/www.pervasive.jku.at\/iot2017\/?page_id=47"},"modified":"2019-11-19T13:18:57","modified_gmt":"2019-11-19T13:18:57","slug":"program","status":"publish","type":"page","link":"https:\/\/iot-conference.org\/iot2017\/program\/","title":{"rendered":"Program"},"content":{"rendered":"<h2>Schedule<\/h2>\n<table class=\"program\" width=\"100%\"><colgroup> <col style=\"width: 1%;\" \/> <col style=\"width: 10%;\" \/> <col style=\"width: 10%;\" \/> <col style=\"width: 10%;\" \/> <col style=\"width: 10%;\" \/> <col style=\"width: 10%;\" \/> <col style=\"width: 10%;\" \/> <col style=\"width: 10%;\" \/> <col style=\"width: 10%;\" \/> <\/colgroup>\n<tbody>\n<tr>\n<td align=\"right\" valign=\"top\">\u00a0<\/td>\n<td colspan=\"2\" rowspan=\"1\" align=\"center\" valign=\"middle\" bgcolor=\"#eeeeee\">Sunday<br \/>Oct 22, 2017<\/td>\n<td colspan=\"2\" align=\"center\" valign=\"middle\" bgcolor=\"#eeeeee\">Monday<br \/>Oct 23, 2017<\/td>\n<td colspan=\"2\" align=\"center\" valign=\"middle\" bgcolor=\"#eeeeee\">Tuesday<br \/>Oct 24, 2017<\/td>\n<td colspan=\"2\" align=\"center\" valign=\"middle\" bgcolor=\"#eeeeee\">Wednesday<br \/>Oct 25, 2017<\/td>\n<\/tr>\n<tr>\n<td align=\"right\" valign=\"top\" bgcolor=\"#eeeeee\">08:00<\/td>\n<td align=\"center\" valign=\"middle\">\u00a0<\/td>\n<td align=\"center\" valign=\"middle\">\u00a0<\/td>\n<td colspan=\"2\" rowspan=\"2\" align=\"center\" valign=\"middle\" bgcolor=\"#ebc8eb\">Registration starts<\/td>\n<td colspan=\"2\" rowspan=\"2\" align=\"center\" valign=\"middle\" bgcolor=\"#ebc8eb\">Registration starts<\/td>\n<td colspan=\"2\" rowspan=\"2\" align=\"center\" valign=\"middle\" bgcolor=\"#ebc8eb\">Registration starts<\/td>\n<\/tr>\n<tr>\n<td align=\"right\" valign=\"top\" bgcolor=\"#eeeeee\">08:30<\/td>\n<td colspan=\"2\" rowspan=\"2\" align=\"center\" valign=\"middle\" bgcolor=\"#ebc8eb\">Registration starts<\/td>\n<\/tr>\n<tr>\n<td align=\"right\" valign=\"top\" bgcolor=\"#eeeeee\">09:00<\/td>\n<td colspan=\"2\" align=\"center\" valign=\"middle\" bgcolor=\"#ffcccc\"><b>Opening Ceremony<\/b><\/td>\n<td colspan=\"2\" rowspan=\"3\" align=\"center\" valign=\"middle\" bgcolor=\"#b8cdfc\"><a href=\"#session3\"><b>Session 3<\/b><\/a><br \/>(3 papers)<\/td>\n<td colspan=\"2\" rowspan=\"3\" align=\"center\" valign=\"middle\" bgcolor=\"#b8cdfc\"><a href=\"#session6\"><b>Session 6<\/b><\/a><br \/>(3 papers)<\/td>\n<\/tr>\n<tr>\n<td align=\"right\" valign=\"top\" bgcolor=\"#eeeeee\">09:30<\/td>\n<td align=\"center\" valign=\"middle\">\u00a0<\/td>\n<td colspan=\"1\" rowspan=\"3\" align=\"center\" valign=\"middle\" bgcolor=\"#b8cdfc\"><a href=\"\/iot2017\/workshop-program\/\"><b>Workshop<\/b><b>s<\/b><\/a><\/td>\n<td colspan=\"2\" rowspan=\"2\" align=\"center\" valign=\"middle\" bgcolor=\"#c0e5c2\"><b><a href=\"#keynotes\">Keynote 1<\/a><br \/><\/b>Falko Dressler<\/td>\n<\/tr>\n<tr>\n<td align=\"right\" valign=\"top\" bgcolor=\"#eeeeee\">10:00<\/td>\n<td valign=\"top\">\u00a0<\/td>\n<\/tr>\n<tr>\n<td align=\"right\" valign=\"top\" bgcolor=\"#eeeeee\">10:30<\/td>\n<td align=\"center\" valign=\"middle\">\u00a0<\/td>\n<td colspan=\"2\" rowspan=\"1\" align=\"center\" valign=\"middle\" bgcolor=\"#eaecb2\">Coffee Break<\/td>\n<td colspan=\"2\" rowspan=\"1\" align=\"center\" valign=\"middle\" bgcolor=\"#eaecb2\">Coffee Break<\/td>\n<td colspan=\"2\" rowspan=\"1\" align=\"center\" valign=\"middle\" bgcolor=\"#eaecb2\">Coffee Break<\/td>\n<\/tr>\n<tr>\n<td align=\"right\" valign=\"top\" bgcolor=\"#eeeeee\">11:00<\/td>\n<td align=\"center\" valign=\"middle\">\u00a0<\/td>\n<td align=\"center\" valign=\"middle\" bgcolor=\"#eaecb2\">Coffee<\/td>\n<td colspan=\"2\" rowspan=\"3\" align=\"center\" valign=\"middle\" bgcolor=\"#b8cdfc\"><a href=\"#session1\"><b>Session 1<\/b><\/a><br \/>(3 papers)<\/td>\n<td colspan=\"2\" rowspan=\"3\" align=\"center\" valign=\"middle\" bgcolor=\"#b8cdfc\"><a href=\"#session4\"><b>Session 4<\/b><\/a><br \/>(3 papers)<\/td>\n<td colspan=\"2\" rowspan=\"3\" align=\"center\" valign=\"middle\" bgcolor=\"#b8cdfc\"><a href=\"#session7\"><b>Session 7<\/b><\/a><br \/>(3 papers)<\/td>\n<\/tr>\n<tr>\n<td align=\"right\" valign=\"top\" bgcolor=\"#eeeeee\">11:30<\/td>\n<td align=\"center\" valign=\"middle\">\u00a0<\/td>\n<td colspan=\"1\" rowspan=\"3\" align=\"center\" valign=\"middle\" bgcolor=\"#b8cdfc\"><a href=\"\/iot2017\/workshop-program\/\"><b>Workshops<\/b><\/a><\/td>\n<\/tr>\n<tr>\n<td align=\"right\" valign=\"top\" bgcolor=\"#eeeeee\">12:00<\/td>\n<td align=\"center\" valign=\"middle\">\u00a0<\/td>\n<\/tr>\n<tr>\n<td align=\"right\" valign=\"top\" bgcolor=\"#eeeeee\">12:30<\/td>\n<td colspan=\"1\" rowspan=\"10\" align=\"center\" valign=\"middle\" bgcolor=\"#b8cdfc\"><a href=\"\/iot2017\/program\/dc-program\/\"><b>\u00d6-WGP<br \/>Doctoral<br \/>Colloquium<\/b><\/a><\/td>\n<td colspan=\"2\" rowspan=\"3\" align=\"center\" valign=\"middle\" bgcolor=\"#eaecb2\">Lunch Break<\/td>\n<td colspan=\"2\" rowspan=\"3\" align=\"center\" valign=\"middle\" bgcolor=\"#eaecb2\">Lunch Break<\/td>\n<td colspan=\"2\" rowspan=\"3\" align=\"center\" valign=\"middle\" bgcolor=\"#eaecb2\">Lunch Break<\/td>\n<\/tr>\n<tr>\n<td align=\"right\" valign=\"top\" bgcolor=\"#eeeeee\">13:00<\/td>\n<td colspan=\"1\" rowspan=\"2\" align=\"center\" valign=\"middle\" bgcolor=\"#eaecb2\">Lunch<\/td>\n<\/tr>\n<tr>\n<td align=\"right\" valign=\"top\" bgcolor=\"#eeeeee\">13:30<\/td>\n<\/tr>\n<tr>\n<td align=\"right\" valign=\"top\" bgcolor=\"#eeeeee\">14:00<\/td>\n<td colspan=\"1\" rowspan=\"3\" align=\"center\" valign=\"middle\" bgcolor=\"#b8cdfc\"><a href=\"\/iot2017\/workshop-program\/\"><b>Workshop<\/b><b>s<\/b><\/a><\/td>\n<td colspan=\"2\" rowspan=\"3\" align=\"center\" valign=\"middle\" bgcolor=\"#b8cdfc\"><a href=\"#session2\"><b>Session 2<\/b><\/a><br \/>(3 papers)<\/td>\n<td colspan=\"2\" rowspan=\"2\" align=\"center\" valign=\"middle\" bgcolor=\"#c0e5c2\"><b><a href=\"#keynotes\">Keynote 2<\/a><br \/><\/b>Luca Mottola<strong><br \/><\/strong><\/td>\n<td colspan=\"2\" rowspan=\"3\" align=\"center\" valign=\"middle\" bgcolor=\"#99dac7\"><a href=\"#pro2future-panel\"><b>Industry 4.0 Pro2Future Panel<\/b><\/a><\/td>\n<\/tr>\n<tr>\n<td align=\"right\" valign=\"top\" bgcolor=\"#eeeeee\">14:30<\/td>\n<\/tr>\n<tr>\n<td align=\"right\" valign=\"top\" bgcolor=\"#eeeeee\">15:00<\/td>\n<td colspan=\"2\" align=\"center\" valign=\"middle\" bgcolor=\"#b8cdfc\">\u00a0<\/td>\n<\/tr>\n<tr>\n<td align=\"right\" valign=\"top\" bgcolor=\"#eeeeee\">15:30<\/td>\n<td align=\"center\" valign=\"top\" bgcolor=\"#eaecb2\">Coffee Break<\/td>\n<td colspan=\"2\" rowspan=\"1\" align=\"center\" valign=\"middle\">\u00a0<\/td>\n<td colspan=\"2\" rowspan=\"1\" align=\"center\" valign=\"middle\" bgcolor=\"#eaecb2\">Coffee Break<\/td>\n<td colspan=\"2\" rowspan=\"1\" align=\"center\" valign=\"middle\" bgcolor=\"#ffcccc\"><b>Conference Closing<\/b><\/td>\n<\/tr>\n<tr>\n<td align=\"right\" valign=\"top\" bgcolor=\"#eeeeee\">16:00<\/td>\n<td colspan=\"1\" rowspan=\"6\" align=\"center\" valign=\"middle\" bgcolor=\"#b8cdfc\"><a href=\"\/iot2017\/workshop-program\/\"><b>Workshops<\/b><\/a><\/td>\n<td colspan=\"2\" rowspan=\"1\" align=\"center\" valign=\"middle\" bgcolor=\"#ffffff\">Transfer (Individual) <sup>1<\/sup><\/td>\n<td colspan=\"2\" rowspan=\"4\" align=\"center\" valign=\"middle\" bgcolor=\"#b8cdfc\"><a href=\"#session5\"><b>Session 5<\/b><\/a><br \/>(3 papers)<\/td>\n<td colspan=\"1\" rowspan=\"4\" align=\"center\" valign=\"middle\">\u00a0<\/td>\n<td colspan=\"1\" rowspan=\"4\" align=\"center\" valign=\"middle\">\u00a0<\/td>\n<\/tr>\n<tr>\n<td align=\"right\" valign=\"top\" bgcolor=\"#eeeeee\">16:30<\/td>\n<td colspan=\"2\" rowspan=\"5\" align=\"center\" valign=\"middle\" bgcolor=\"#b8cdfc\"><b><a href=\"#posters\">Posters<\/a> &amp; <a href=\"#demos\">Demos<\/a><\/b>\n<p>\u00a0<\/p>\n<p>\u00a0<\/p>\n<p><strong><a href=\"#art\">Art Projects<\/a><\/strong><\/p>\n<\/td>\n<\/tr>\n<tr>\n<td align=\"right\" valign=\"top\" bgcolor=\"#eeeeee\">17:00<\/td>\n<\/tr>\n<tr>\n<td align=\"right\" valign=\"top\" bgcolor=\"#eeeeee\">17:30<\/td>\n<td rowspan=\"1\" valign=\"top\">\u00a0<\/td>\n<\/tr>\n<tr>\n<td align=\"right\" valign=\"top\" bgcolor=\"#eeeeee\">18:00<\/td>\n<td rowspan=\"1\" valign=\"top\">\u00a0<\/td>\n<td align=\"center\" valign=\"middle\">\u00a0<\/td>\n<td align=\"center\" valign=\"middle\">\u00a0<\/td>\n<td colspan=\"2\" rowspan=\"1\" align=\"center\" valign=\"middle\">\u00a0<\/td>\n<\/tr>\n<tr>\n<td align=\"right\" valign=\"top\" bgcolor=\"#eeeeee\">18:30<\/td>\n<td valign=\"top\">\u00a0<\/td>\n<td align=\"center\" valign=\"middle\">\u00a0<\/td>\n<td align=\"center\" valign=\"middle\">\u00a0<\/td>\n<td align=\"center\" valign=\"middle\">\u00a0<\/td>\n<td align=\"center\" valign=\"middle\">\u00a0<\/td>\n<\/tr>\n<tr>\n<td align=\"right\" valign=\"top\" bgcolor=\"#eeeeee\">19:00<\/td>\n<td align=\"center\" valign=\"middle\">\u00a0<\/td>\n<td align=\"center\" valign=\"middle\">\u00a0<\/td>\n<td colspan=\"2\" rowspan=\"6\" align=\"center\" valign=\"middle\" bgcolor=\"#ffcccc\"><a href=\".\/social-events\"><b>Ars Electronica<\/b><b><br \/><\/b><\/a><b>Deep Space<br \/><\/b> Guided Tour<br \/>Bread + Wine<\/td>\n<td colspan=\"2\" rowspan=\"1\" align=\"center\" valign=\"middle\">Transfer (Bus) <sup>2<\/sup><\/td>\n<td align=\"center\" valign=\"middle\">\u00a0<\/td>\n<td align=\"center\" valign=\"middle\">\u00a0<\/td>\n<\/tr>\n<tr>\n<td align=\"right\" valign=\"top\" bgcolor=\"#eeeeee\">19:30<\/td>\n<td align=\"center\" valign=\"middle\">\u00a0<\/td>\n<td align=\"center\" valign=\"middle\">\u00a0<\/td>\n<td colspan=\"2\" rowspan=\"5\" align=\"center\" valign=\"middle\" bgcolor=\"#ffcccc\"><a href=\".\/social-events\"><b>Conference<\/b><b><br \/><\/b><b>Dinner<\/b><\/a><\/td>\n<td align=\"center\" valign=\"middle\">\u00a0<\/td>\n<td align=\"center\" valign=\"middle\">\u00a0<\/td>\n<\/tr>\n<tr>\n<td align=\"right\" valign=\"top\" bgcolor=\"#eeeeee\">20:00<\/td>\n<td colspan=\"1\" rowspan=\"1\" align=\"center\" valign=\"middle\" bgcolor=\"#ffffff\">\u00a0<\/td>\n<td align=\"center\" valign=\"middle\" bgcolor=\"#ffffff\">\u00a0<\/td>\n<td align=\"center\" valign=\"middle\">\u00a0<\/td>\n<td align=\"center\" valign=\"middle\">\u00a0<\/td>\n<\/tr>\n<tr>\n<td align=\"right\" valign=\"top\" bgcolor=\"#eeeeee\">20:30<\/td>\n<td colspan=\"1\" rowspan=\"1\" align=\"center\" valign=\"middle\" bgcolor=\"#ffffff\">\u00a0<\/td>\n<td align=\"center\" valign=\"middle\" bgcolor=\"#ffffff\">\u00a0<\/td>\n<td align=\"center\" valign=\"middle\">\u00a0<\/td>\n<td align=\"center\" valign=\"middle\">\u00a0<\/td>\n<\/tr>\n<tr>\n<td align=\"right\" valign=\"top\" bgcolor=\"#eeeeee\">21:00<\/td>\n<td colspan=\"1\" rowspan=\"1\" align=\"center\" valign=\"middle\" bgcolor=\"#ffffff\">\u00a0<\/td>\n<td align=\"center\" valign=\"middle\" bgcolor=\"#ffffff\">\u00a0<\/td>\n<td align=\"center\" valign=\"middle\">\u00a0<\/td>\n<td align=\"center\" valign=\"middle\">\u00a0<\/td>\n<\/tr>\n<tr>\n<td align=\"right\" valign=\"top\" bgcolor=\"#eeeeee\">21:30<\/td>\n<td colspan=\"1\" align=\"center\" valign=\"middle\" bgcolor=\"#ffffff\">\u00a0<\/td>\n<td align=\"center\" valign=\"middle\" bgcolor=\"#ffffff\">\u00a0<\/td>\n<td align=\"center\" valign=\"middle\">\u00a0<\/td>\n<td align=\"center\" valign=\"middle\">\u00a0<\/td>\n<\/tr>\n<tr>\n<td valign=\"top\">\u00a0<\/td>\n<td align=\"center\" valign=\"middle\">\u00a0<\/td>\n<td align=\"center\" valign=\"middle\">\u00a0<\/td>\n<td align=\"center\" valign=\"middle\">\u00a0<\/td>\n<td align=\"center\" valign=\"middle\">\u00a0<\/td>\n<td align=\"center\" valign=\"middle\">\u00a0<\/td>\n<td align=\"center\" valign=\"middle\">\u00a0<\/td>\n<td align=\"center\" valign=\"middle\">\u00a0<\/td>\n<td align=\"center\" valign=\"middle\">\u00a0<\/td>\n<\/tr>\n<\/tbody>\n<\/table>\n<p><sup>1<\/sup> The following Poster &amp; Demo Session and the evening program will be hosted by the ARS Electronica Center (AEC). Individual Transfer to the Ars Electronica Center: Tram line 1 or 2 from station \u201cJKU\u201d to station \u201cRudolfstra\u00dfe\u201d (approx. 15 min). From the tram stop \u201cRudolfstra\u00dfe\u201d you already see the AEC. Please use the pedestrian underpass to cross the street, exit Ars Electronica Center and meet us in the main entrance hall. More details in the\u00a0<a href=\".\/social-events\">transfer plan<\/a>.<\/p>\n<p><sup>2<\/sup> The Conference Dinner will be hosted at the Caseli Guest House of the voestalpine. Busses will take all conference participants from two departure points to the dinner, taking off at 19:00 from JKU Campus and Linz Main Square (Hauptplatz). Please be at the departure points a few minutes in advance and take your DINNER TICKET with you. Return busses at 22:00 and 23:00<\/p>\n\n\n<h3 class=\"wp-block-heading\" id=\"session1\">Session 1: Applications<\/h3>\n\n\n\n<p>Solar Energy Prediction for Constrained IoT Nodes based on Public Weather Forecasts<br><em>Frank Alexander Kraemer, Doreid Ammar, Anders Eivind Braten, Nattachart Tamkttikhun, David Palma<\/em><\/p>\n\n\n\n<p>IEC 61850 meets CoAP: Towards the integration of Smart Grids and IoT standards<br><em>Markel Iglesias-Urkia, Aitor Urbieta, Diego Casado-Mansilla, Jorge Parra<\/em><\/p>\n\n\n\n<p>Inter-Zone Interference Avoidance Using Channel Reservation in Multiple Subcarrier Multiple Access Scheme<br><em>Masahiro Otani, Tomoaki Matsuda, Nitish Rajoria, Jin Mitsugi, Haruhisa Ichikawa, Yuusuke Kawakita<\/em><\/p>\n\n\n\n<h3 class=\"wp-block-heading\" id=\"session2\">Session 2: Data Modeling, Filtering, Fusion<\/h3>\n\n\n\n<p>A Two-Level Hidden Markov Model for Characterizing Data Traffic from Vehicles<br><em>Yuhong Li, Xiaoyu Hao, Han Zheng, Xiang Su, Jukka Riekki, Chao Sun, Hanyu Wei, Hao Wang, Lei Han<\/em><\/p>\n\n\n\n<p>A Multi-tier Data Reduction Mechanism for IoT Sensors<br><em>Liang Feng, Pranvera Korto\u00e7i, Yong Liu<\/em><\/p>\n\n\n\n<p>A Hybrid Approach for Data Analytics for Internet of Things<br><em>Badraddin Alturki, Stephan Reiff-Marganiec, Charith Perera<\/em><\/p>\n\n\n\n<h3 class=\"wp-block-heading\" id=\"session3\">Session 3: Digital Twins<\/h3>\n\n\n\n<p>Intuitive Interaction with Semantics using Augmented Reality &#8211; a Case Study of Workforce Management in an Industrial Setting<br><em>Iori Mizutani, Mareike Kritzler, Kimberly Garcia, Florian Michahelles<\/em><\/p>\n\n\n\n<p>AmbientVR: Blending IoT Interaction Capabilities with Web-based Virtual Reality<br><em>Shivam Verma, Darren Carlson, David S. Rosenblum<\/em><\/p>\n\n\n\n<p>A Visual Programming Approach based on Domain Ontologies for Configuring Industrial IoT Installations<br><em>Mat\u00fa\u0161 Tomlein, Kaj Gr\u00f8nb\u00e6k<\/em><\/p>\n\n\n\n<h3 class=\"wp-block-heading\" id=\"session4\">Session 4: Service Composition<\/h3>\n\n\n\n<p>Recipes for IoT Applications<br><em>Aparna Saisree Thuluva, Arne Br\u00f6ring, Ganindu Prabhashana Medagoda Hettige Don, Jan Seeger, Darko Anicic<\/em><\/p>\n\n\n\n<p>A framework for MDE of IoT-Based Manufacturing Cyber-Physical Systems<br><em>Kleanthis Thramboulidis,&nbsp;Panagiotis Bochalis, John Bouloubasis<\/em><\/p>\n\n\n\n<p>Calculating LWM2M Resource Semantic Distance through SENACT Ontology<br><em>Maria Ines Robles<\/em><em>, Edgar Ramos<\/em><em>, Nicklas Beijar, Nanjangud Narendra<\/em><\/p>\n\n\n\n<h3 class=\"wp-block-heading\" id=\"session5\">Session 5: Privacy &amp; Trust<\/h3>\n\n\n\n<p>Providing Privacy, Safety, and Security in IoT-Based Transactive Energy Systems using Distributed Ledgers<br><em>Aron Laszka<\/em><em>, Abhishek Dubey<\/em><em>, Michael Walker, Douglas Schmidt<\/em><\/p>\n\n\n\n<p>IoT Data Privacy via Blockchains and IPFS<br><em>Muhammad Salek Ali, Koustabh Dolui, Fabio Antonelli<\/em><\/p>\n\n\n\n<p>Mind My Value: a Decentralized Infrastructure for Fair and Trusted IoT Data Trading<br><em>Paolo Missier, Shaimaa Bajoudah, Angelo Capossele, Andrea Gaglione, Michele Nati<\/em><\/p>\n\n\n\n<h3 class=\"wp-block-heading\" id=\"session6\">Session 6: IoT Architecture<\/h3>\n\n\n\n<p>Challenges for SMEs Entering the IoT World \u2013 Success is about so Much More than Technology<br><em>Stina Nylander<\/em><em>, Anders Wallberg<\/em><em>, P\u00e4r Hansson<\/em><\/p>\n\n\n\n<p>The Role of Autonomous Aggregators in IoT Multi-core Systems<br><em>Basil Nikolopoulos, Alexandros Dimopoulos, Mara Nikolaidou, George Dimitrakopoulos, Dimosthenis Anagnostopoulos<\/em><\/p>\n\n\n\n<p>A Novel Service-Oriented Platform for the Internet of Things<br><em>Hyunjae Lee, Eunjin Jeong, Donghyun Kang, Jinmyeong Kim, Soonhoi Ha<\/em><\/p>\n\n\n\n<h3 class=\"wp-block-heading\">Session 7: Human Factors<\/h3>\n\n\n\n<p>HoloCollab: A Shared Virtual Platform for Physical Assembly Training using Spatially-Aware Head-Mounted Displays<br><em>Markus Funk, Mareike Kritzler, Florian Michahelles<\/em><\/p>\n\n\n\n<p>InTeach: Enhanced Personal e-Learning with Tabletop Telepresence<br><em>Hiroaki Tobita, Shiori Numanoi<\/em><\/p>\n\n\n\n<p>Getting Through &#8211; Modality Selection in a Multi-Sensor-Actuator Industrial IoT Environment<br><em>Michael Haslgr\u00fcbler, Peter Fritz, Benedikt Gollan, Alois Ferscha<\/em><\/p>\n\n\n\n<h3 class=\"wp-block-heading\" id=\"pro2future-panel\">Industry 4.0 Pro2Future Panel<\/h3>\n\n\n\n<p>Moderator: <em>Gabriele Anderst-Kotsis<\/em> (JKU Linz)<\/p>\n\n\n\n<p>Panelists: <em>Christoph Mayr-Dorn<\/em> (JKU Linz),<em> Simon Mayer<\/em> (TU Graz, Pro2Future), <em>Stefan Thalmann<\/em> (TU Graz, Pro2Future),<em> Heimo Theuretzbacher-Fritz<\/em> (Pro2Future)<\/p>\n\n\n\n<h2 class=\"wp-block-heading\" id=\"art\">Accepted Art Projects<\/h2>\n\n\n\n<p>Design of a smart helmet<br><em>Lena Hottner, Elke Bachlmair, Mario Zeppetzauer, Christian Wirth, Alois Ferscha<\/em><\/p>\n\n\n\n<p>Embodisuit: A Wearable Platform for Embodied Knowledge<br><em>Sophia Brueckner, Rachel Freire<\/em><\/p>\n\n\n\n<p>log files. stories from the internet of things. A design research approach to future machine-man communication<br><em>Tina Frank, Marianne Pue\u0081hrerfellner, Barbara von Rechbach, David Lechner<\/em><\/p>\n\n\n\n<p>OCnP &#8211; Open Culture and People<br><em>Laurenz Dallinger<\/em><\/p>\n\n\n\n<h2 class=\"wp-block-heading\" id=\"demos\">Accepted Demos<\/h2>\n\n\n\n<p>Empowering Connected Road Vehicles to Learn Parking Situations based on Optical Sensor Measurements<br><em>Markus Hiesmair, Karin Anna Hummel<\/em><\/p>\n\n\n\n<p>HoloInteractions: Visualizing Interactions between Autonomous Cognitive Machines<br><em>Simon Mayer, Florian Michahelles<\/em><\/p>\n\n\n\n<p>Towards Cognitive Device Management: A Testbed to Explore Autonomy for Constrained IoT Devices<br><em>Anders Eivind Braten, Nattachart Tamkittikhun, Frank Alexander Kraemer, Doreid Ammar<\/em><\/p>\n\n\n\n<h2 class=\"wp-block-heading\" id=\"posters\">Accepted Posters<\/h2>\n\n\n\n<p>A Secure, Privacy-Preserving IoT Middleware Using Intel SGX<br><em>Pascal Gremaud, Arnaud Durand, Jacques Pasquier<\/em><\/p>\n\n\n\n<p>Advanced Remote Debugging of LoRa-enabled IoT Sensor Nodes<br><em>Albert Poetsch, Florian Haslhofer, Andreas Springer<\/em><\/p>\n\n\n\n<p>An Ambient RF Energy Harvesting and Backscatter Modulating Tag System Enabling Zero-power Wireless Data Communication<br><em>Young-Han Kim, Hyun-Seok Ahn, Changseok Yoon, Yongseok Lim, Seung-ok Lim<\/em><\/p>\n\n\n\n<p>CharIoT: An end-user programming environment for the IoT<br><em>Matus Tomlein, Sudershan Ragavan, Yuvraj Agarwal, Anind Dey<\/em><\/p>\n\n\n\n<p>Contour-Guided Gaze Gestures: Eye-based Interaction with Everyday Objects and IoT Devices<br><em>Florian Jungwirth, Michael Haslgrue\u0081bler, Alois Ferscha<\/em><\/p>\n\n\n\n<p>Decentralized Web of Trust and Authentication for the Internet of Things<br><em>Arnaud Durand, Pascal Gremaud, Jacques Pasquier<\/em><\/p>\n\n\n\n<p>Enabling smart waste management with sensorized garbage bins and low power data communications network<br><em>Petr Fedchenkov, Arkady Zaslavsky, Inna Sosunova<\/em><\/p>\n\n\n\n<p>Enhancing workplace learning by augmented reality<br><em>Bernhard Mandl,&nbsp;<\/em><em>Marius Stehling, Thomas Schmiedinger, Martin Adam<\/em><\/p>\n\n\n\n<p>Gazor: A gaze aware Industrial IoT-based Instructor<br><em>Michael Haslgrue\u0081bler, Michaela Murauer, Alois Ferscha<\/em><\/p>\n\n\n\n<p>HoloLens is more than Air Tap: Natural and Intuitive Interaction with Holograms<br><em>Markus Funk, Mareike Kritzler, Florian Michahelles<\/em><\/p>\n\n\n\n<p>HybridNET Management and Sensor Data Acquisition System<br><em>Svetozar Ilchev, Rumen Andreev, Zlatoliliya Ilcheva<\/em><\/p>\n\n\n\n<p>Interacting with Paintings using IoTtalk<br><em>Chung-Yun Hsiao, Li-Kuan Chen, Yi-Bing Lin<\/em><\/p>\n\n\n\n<p>MinIAttention: Attention Management in Minimal Invasive Surgery using an IoT Synchronization Approach<br><em>Bernhard Anzengruber, Nina Hochedlinger, Michael Matscheko, Alois Ferscha, Andreas Shamiyeh, Bettina Klugsberger, Gamze Demireli<\/em><\/p>\n\n\n\n<p>Natural Pursuit Calibration: Using Motion Trajectories for Unobtrusive Calibration of Mobile Eye Trackers<br><em>Michaela Murauer, Michael Haslgr\u00fcbler,&nbsp;Alois Ferscha<\/em><\/p>\n\n\n\n<p>Role-based Ontology-driven Knowledge Representation for IoT-enabled Waste Management<br><em>Inna Sosunova, Arkady Zaslavsky, Petr Fedchenkov<\/em><\/p>\n\n\n\n<p>SDR processing delay estimation applying correlation detection for Structure Health Monitoring using Multi-subcarrier Multiple Access<br><em>Tatsuki Fujiwara, Yohei Nakano, Jin Mitsugi, Haruhisa Ichikawa, Yuusuke Kawakita<\/em><\/p>\n\n\n\n<p>The Virtual Twin: Controlling Smart Factories using a spatially-correct Augmented Reality Representation<br><em>Mareike Kritzler, Markus Funk, Florian Michahelles, Wolfgang Rohde<\/em><\/p>\n\n\n\n<h2 class=\"wp-block-heading\">Papers<\/h2>\n\n\n\n<p>Paper presentations should be 15 min. long, additional 5 min. are reserved for Q&amp;A. Presentations will be run from individual machines.<\/p>\n","protected":false},"excerpt":{"rendered":"<p>Schedule \u00a0 SundayOct 22, 2017 MondayOct 23, 2017 TuesdayOct 24, 2017 WednesdayOct 25, 2017 08:00 \u00a0 \u00a0 Registration starts Registration starts Registration starts 08:30 Registration starts 09:00 Opening Ceremony Session 3(3 papers) Session 6(3 papers) 09:30 \u00a0 Workshops Keynote 1Falko&hellip;  <\/p>\n<p class=\"more-link\"><a href=\"https:\/\/iot-conference.org\/iot2017\/program\/\">Continue reading <span class=\"meta-nav\">&rarr;<\/span><\/a><\/p>\n","protected":false},"author":2,"featured_media":0,"parent":0,"menu_order":0,"comment_status":"closed","ping_status":"closed","template":"full-width-page.php","meta":{"footnotes":""},"class_list":["post-47","page","type-page","status-publish","hentry"],"_links":{"self":[{"href":"https:\/\/iot-conference.org\/iot2017\/wp-json\/wp\/v2\/pages\/47","targetHints":{"allow":["GET"]}}],"collection":[{"href":"https:\/\/iot-conference.org\/iot2017\/wp-json\/wp\/v2\/pages"}],"about":[{"href":"https:\/\/iot-conference.org\/iot2017\/wp-json\/wp\/v2\/types\/page"}],"author":[{"embeddable":true,"href":"https:\/\/iot-conference.org\/iot2017\/wp-json\/wp\/v2\/users\/2"}],"replies":[{"embeddable":true,"href":"https:\/\/iot-conference.org\/iot2017\/wp-json\/wp\/v2\/comments?post=47"}],"version-history":[{"count":27,"href":"https:\/\/iot-conference.org\/iot2017\/wp-json\/wp\/v2\/pages\/47\/revisions"}],"predecessor-version":[{"id":601,"href":"https:\/\/iot-conference.org\/iot2017\/wp-json\/wp\/v2\/pages\/47\/revisions\/601"}],"wp:attachment":[{"href":"https:\/\/iot-conference.org\/iot2017\/wp-json\/wp\/v2\/media?parent=47"}],"curies":[{"name":"wp","href":"https:\/\/api.w.org\/{rel}","templated":true}]}}