{"id":23,"date":"2018-11-05T16:36:18","date_gmt":"2018-11-05T16:36:18","guid":{"rendered":"http:\/\/iot-conference.inf.usi.ch\/iot2018\/?page_id=23"},"modified":"2019-11-19T13:19:20","modified_gmt":"2019-11-19T13:19:20","slug":"program","status":"publish","type":"page","link":"https:\/\/iot-conference.org\/iot2018\/program\/","title":{"rendered":"Program"},"content":{"rendered":"<p><a href=\"http:\/\/lampz.tugraz.at\/~iotc\/iot-conf\/iot2018\/wp-content\/uploads\/2018\/10\/IoT-Program.pdf\" rel=\"attachment wp-att-859\">Download the IoTProgram as pdf<\/a><\/p>\n<p><a href=\"http:\/\/lampz.tugraz.at\/~iotc\/iot-conf\/iot2018\/wp-content\/uploads\/2018\/10\/iot18-IOT18.zip\">Download IoT accepted papers<\/a><\/p>\n<table class=\"waffle\" cellspacing=\"0\" cellpadding=\"0\">\n<tbody>\n<tr>\n<td class=\"s2\" dir=\"ltr\"><\/td>\n<td><strong>15\/10\/2018<\/strong><\/td>\n<td class=\"s2\" dir=\"ltr\"><strong>16\/10\/2018<\/strong><\/td>\n<td class=\"s2\" dir=\"ltr\"><strong>17\/10\/2018<\/strong><\/td>\n<td class=\"s2\" dir=\"ltr\"><strong>18\/10\/2018<\/strong><\/td>\n<\/tr>\n<tr>\n<td class=\"s3 softmerge\" dir=\"ltr\" rowspan=\"3\">\n<div class=\"softmerge-inner\"><strong>09:00am-10:00am<\/strong><\/div>\n<div class=\"softmerge-inner\"><strong>\u00a0<\/strong><\/div>\n<\/td>\n<td rowspan=\"29\">\n<div class=\"softmerge-inner\"><strong><a href=\"http:\/\/lampz.tugraz.at\/~iotc\/iot-conf\/iot2018\/index.php\/workshop-program\/\">Workshops\u00a0 Tutorials<\/a><br \/>\n<\/strong><\/div>\n<p><strong>\u00a0<\/strong><\/p>\n<div class=\"softmerge-inner\"><strong>\u00a0<\/strong><\/div>\n<p><strong>\u00a0<\/strong><\/p>\n<div class=\"softmerge-inner\"><strong>\u00a0<\/strong><\/div>\n<p><strong><br \/>\n<\/strong><strong><br \/>\n<\/strong><strong><br \/>\n<\/strong><\/td>\n<td class=\"s3\" dir=\"ltr\">09:00am Welcome<\/td>\n<td class=\"s3\" dir=\"ltr\"><\/td>\n<td class=\"s3\" dir=\"ltr\"><\/td>\n<\/tr>\n<tr>\n<td class=\"s3\" dir=\"ltr\" rowspan=\"2\">09:10am <strong>Keynote<\/strong><br \/>\n<strong>Karl Johansson,<\/strong> KTH Royal Institute of Technology<em> &#8220;Connected and Automated Vehicles: Recent Research Developments in Road Goods Transport&#8221;<\/em><\/td>\n<td rowspan=\"2\">09:10am <strong>Keynote<br \/>\n<\/strong><strong>Chandra Krintz<\/strong>, University of California, Santa\u00a0Barbara\u00a0<em>&#8220;SmartFarm: IoT Systems That Simplify and Automate Agriculture Analytics&#8221;<\/em><\/td>\n<td>09:10am\u00a0<strong>Invited Talk<br \/>\n<\/strong><strong>Seta Bogosyan<\/strong>, Former NSF\u00a0 PD<i>&#8220;CPS\/IOT: Potentials, Challenges, and Opportunitie<em>s&#8221;<\/em><\/i><\/td>\n<\/tr>\n<tr>\n<td rowspan=\"5\">9:40am <strong>Smart City Panel<\/strong><\/p>\n<ul>\n<li>Mahnoosh Alizadeh, UCSB<\/li>\n<li>Schahram Dustdar, TU Vienna<\/li>\n<li>Kostas Goulias, UCSB<\/li>\n<li>Bhaskar Krishnamachari, USC<\/li>\n<li>Joe Walther, UCSB<\/li>\n<li>Session chair: Seta Bogosyan, NSF<\/li>\n<\/ul>\n<\/td>\n<\/tr>\n<tr>\n<td class=\"s5\" dir=\"ltr\" rowspan=\"4\"><strong>10:00am-10:40am<\/strong><\/td>\n<td class=\"s5\" dir=\"ltr\"><strong>Security and Privacy of IoT &#8211; Part I<\/strong><\/td>\n<td class=\"s5\" dir=\"ltr\"><strong>Security and Privacy of IoT &#8211;<br \/>\nPart II<\/strong><\/td>\n<\/tr>\n<tr>\n<td class=\"s5\" dir=\"ltr\">Chairs: Yong Li,\u00a0Aris Kanellopoulos<\/td>\n<td class=\"s5\" dir=\"ltr\">Chairs: Phu Phung,\u00a0Waqar Asif<\/td>\n<\/tr>\n<tr>\n<td class=\"s6\" dir=\"ltr\">10:00am Waqar Asif, Indranil Ghosh Ray and Muttukrishnan Rajarajan.<\/p>\n<p><em>An Attack Tree Based Risk Evaluation Approach For The Internet of Things<\/em>\u00a0[FULL PAPER]<\/td>\n<td class=\"s6\" dir=\"ltr\">10.00am Phu H. Nguyen, Phu H. Phung and Hong-Linh Truong.<\/p>\n<p><em>A Security Policy Enforcement Framework for Controlling IoT Tenant Applications in the Edge<\/em> [FULL PAPER]<\/td>\n<\/tr>\n<tr>\n<td class=\"s6\" dir=\"ltr\">10:20am Li Duan, Yong Li and Lijun Liao.<\/p>\n<p><em>Flexible CRL for efficient authentication in IoT<\/em>\u00a0[FULL PAPER]<\/td>\n<td class=\"s6\" dir=\"ltr\">10:20am Paul Giura and Trevor Jim.<\/p>\n<p><em>Sapphire: Using network gateways for IoT security<\/em> [FULL PAPER]<\/td>\n<\/tr>\n<tr>\n<td class=\"s7 softmerge\" dir=\"ltr\">\n<div class=\"softmerge-inner\"><strong>10:40am-11:00am<\/strong><\/div>\n<\/td>\n<td class=\"s7\" dir=\"ltr\"><strong>Discussion Break<\/strong><\/td>\n<td class=\"s7\" dir=\"ltr\"><strong>Discussion Break<\/strong><\/td>\n<td class=\"s7\" dir=\"ltr\"><strong>Discussion Break<\/strong><\/td>\n<\/tr>\n<tr>\n<td class=\"s5\" dir=\"ltr\" rowspan=\"6\"><strong>11:00am-12:10pm<\/strong><\/td>\n<td class=\"s5\" dir=\"ltr\"><strong>Applications of IoT I<\/strong><\/td>\n<td class=\"s5\" dir=\"ltr\"><strong>Web of Things Architecture I<\/strong><\/td>\n<td class=\"s5\" dir=\"ltr\"><strong>Best Paper Session<\/strong><\/td>\n<\/tr>\n<tr>\n<td class=\"s5\" dir=\"ltr\">Chairs: Jacky Bourgeois, Konrad Diwold<\/td>\n<td class=\"s5\" dir=\"ltr\">Chairs: Karamjit Kaur, Mohammad Hasanzadeh Mofrad<\/td>\n<td class=\"s5\" dir=\"ltr\">Chairs<strong>:<\/strong> Kyriakos Vamvoudakis, Armin Haller, Federica Cena<\/td>\n<\/tr>\n<tr>\n<td class=\"s6\" dir=\"ltr\">11:00am Mohammad Hasanzadeh Mofrad and Daniel Mosse.<\/p>\n<p><em>Speech Recognition and Voice Separation for the Internet of Things<\/em>\u00a0[FULL PAPER]<\/td>\n<td class=\"s6\" dir=\"ltr\">11:00am Jacky Bourgeois, Gerd Kortuem and Fahim Kawsar.<\/p>\n<p><em>Trusted and GDPR-Compliant Research with the Internet of Thing<\/em>\u00a0[FULL PAPER]<\/td>\n<td class=\"s6\" dir=\"ltr\">11:00am Hoan Nguyen Mau Quoc, Martin Serrano, John G. Breslin and Danh Le Phuoc.<\/p>\n<p><em>A learning approach for query planning on <\/em>spatio-temporal<em> IoT data<\/em>\u00a0[FULL PAPER]<\/td>\n<\/tr>\n<tr>\n<td class=\"s6\" dir=\"ltr\">11:20am Sandro Rodriguez Garzon, Sebastian Walther, Shaoning Pang, Bersant Deva and Axel K\u00fcpper.<\/p>\n<p><em>Urban Air Pollution Alert Service for Smart Cities<\/em>\u00a0[FULL PAPER]<\/td>\n<td class=\"s6\" dir=\"ltr\">11:20am Markel Iglesias-Urkia, Diego Casado-Mansilla, Simon Mayer and Aitor Urbieta.<\/p>\n<p><em>Enhanced publish\/subscribe in CoAP: Describing advanced subscription mechanisms for the Observe extension<\/em>\u00a0[FULL PAPER]<\/td>\n<td class=\"s6\" dir=\"ltr\">11:20am Le Tuan Anh, Conor Hayes, Marcin Wylot and Danh Le Phuoc.<\/p>\n<p><em>RDF4Led: An RDF engine for Lightweight Edge Devices\u00a0<\/em>[FULL PAPER]<\/td>\n<\/tr>\n<tr>\n<td class=\"s6\" dir=\"ltr\">11:40am Farshid Salemi Parizi, Josh Fromm, Shantanu Deshpande and Shwetak Patel.<\/p>\n<p><em>RoyalFlush: Non-Invasive Water Level Monitor to Prevent Toilet Overflows<\/em>\u00a0[FULL PAPER]<\/td>\n<td class=\"s6\" dir=\"ltr\">11:40am Kristina Sahlmann and Thomas Schwotzer.<\/p>\n<p><em>Ontology-based Virtual IoT Devices for Edge Computing<\/em>\u00a0[FULL PAPER]<\/td>\n<td class=\"s6\" dir=\"ltr\">11:40am Victor Charpenay, Sebastian K\u00e4bisch and Harald Kosch.<\/p>\n<p><em>Semantic Data Integration on the Web of Things<\/em>\u00a0[FULL PAPER]<\/td>\n<\/tr>\n<tr>\n<td class=\"s8\" dir=\"ltr\">12:00pm Sergio Trilles, Alberto Gonz\u00e1lez-P\u00e9rez and Joaqu\u00edn Huerta Guijarro.<\/p>\n<p><em>A IoT proposal for monitoring vineyards called SEnviro for agriculture<\/em>\u00a0[SHORT PAPER]<\/td>\n<td class=\"s8\" dir=\"ltr\"><\/td>\n<td class=\"s3\" dir=\"ltr\" rowspan=\"2\">Closing &amp; Best Paper Award (Finish at 12:30pm)<\/td>\n<\/tr>\n<tr>\n<td class=\"s7 softmerge\" dir=\"ltr\">\n<div class=\"softmerge-inner\"><strong>12:10pm-1:40pm<\/strong><\/div>\n<\/td>\n<td class=\"s7\" dir=\"ltr\"><strong>Lunch Break<\/strong><\/td>\n<td class=\"s7\" dir=\"ltr\"><strong>Lunch Break<\/strong><\/td>\n<\/tr>\n<tr>\n<td class=\"s5\" dir=\"ltr\" rowspan=\"7\">1:40pm-2:50pm<\/td>\n<td class=\"s5\" dir=\"ltr\"><strong>Pitchfest<\/strong><\/td>\n<td class=\"s5\" dir=\"ltr\"><strong>Web of Things Architecture II<\/strong><\/td>\n<td class=\"s9\"><\/td>\n<\/tr>\n<tr>\n<td class=\"s5\" dir=\"ltr\">Chairs: Armin Haller, Kyriakos Vamvoudakis, Federica Cena<\/td>\n<td class=\"s5\" dir=\"ltr\">Chairs: Martin Serano, Kristina Sahlmann<\/td>\n<td class=\"s10\"><\/td>\n<\/tr>\n<tr>\n<td class=\"s6\" dir=\"ltr\" rowspan=\"5\">1 Slide &#8211; 5min each for all Demo\/Poster and Late Breaking Result papers<\/td>\n<td class=\"s6\" dir=\"ltr\">1:40pm Karamjit Kaur, Matt Selway, Alan Johnston, Georg Grossmann and Markus Stumptner.<\/p>\n<p><em>Towards an Open-standards based Framework for achieving Condition-based Predictive Maintenance<\/em>\u00a0[FULL PAPER]<\/td>\n<td class=\"s9\"><\/td>\n<\/tr>\n<tr>\n<td class=\"s6\" dir=\"ltr\">2:00pm Sathiya Kumaran Mani, Ramakrishnan Durairajan, Paul Barford and Joel Sommers.<\/p>\n<p><em>An Architecture for IoT Clock Synchronization<\/em>\u00a0[FULL PAPER]<\/td>\n<td class=\"s9\"><\/td>\n<\/tr>\n<tr>\n<td class=\"s8\" dir=\"ltr\">2:20pm Mehdi Karimibiuki and Andre Ivanov.<\/p>\n<p><em>MiniCloud: A Mini Storage and Query Service for Local Heterogeneous IoT Devices<\/em>\u00a0[SHORT PAPER]<\/td>\n<td class=\"s9\"><\/td>\n<\/tr>\n<tr>\n<td class=\"s8\" dir=\"ltr\">2:30pm Sourav Dutta and Sheheeda Manakkadu.<\/p>\n<p><em>On efficient resource allocation in the Internet of Things environment<\/em>\u00a0[SHORT PAPER]<\/td>\n<td><\/td>\n<\/tr>\n<tr>\n<td class=\"s8\" dir=\"ltr\">2:40pm Rahul Majethia and Krishnan Rajkumar.<\/p>\n<p><em>Mining Channel State Information from Bluetooth Low Energy RSSI for Robust Object-to-Object Ranging<\/em>\u00a0[SHORT PAPER]<\/td>\n<td><\/td>\n<\/tr>\n<tr>\n<td class=\"s7\" dir=\"ltr\"><strong>2:50pm-3:20pm<\/strong><\/td>\n<td class=\"s7\" dir=\"ltr\"><strong>Afternoon Break<\/strong><\/td>\n<td class=\"s7\" dir=\"ltr\"><strong>Afternoon Break<\/strong><\/td>\n<td><\/td>\n<\/tr>\n<tr>\n<td class=\"s5\" dir=\"ltr\" rowspan=\"5\"><strong>3:20pm-4:10pm<\/strong><\/td>\n<td class=\"s5\" dir=\"ltr\"><strong>Learning Approaches for IoT<\/strong><\/td>\n<td class=\"s5\" dir=\"ltr\"><strong>Applications of IoT II<\/strong><\/td>\n<td><\/td>\n<\/tr>\n<tr>\n<td class=\"s5\" dir=\"ltr\">Chairs: Nevena Golubovic, Vijay Kanade<\/td>\n<td class=\"s11\" dir=\"ltr\">Chairs: Aris Kanellopoulos, &#8211;<\/td>\n<td><\/td>\n<\/tr>\n<tr>\n<td class=\"s6\" dir=\"ltr\">3:20pm Maria Grammatopoulou, Aris Kanellopoulos and Kyriakos Vamvoudakis.<\/p>\n<p><em>A Multi-step and Resilient Predictive Q-learning Algorithm for IoT: A Case Study in Water Supply Networks<\/em> [FULL PAPER]<\/td>\n<td class=\"s6\" dir=\"ltr\">3:20pm Chandra Krintz, Rich Wolski, Nevena Golubovic and Fatih Bakir.<\/p>\n<p><em>Estimating Outdoor Temperature from CPU Temperature for IoT Applications in Agriculture<\/em> [FULL PAPER]<\/td>\n<td><\/td>\n<\/tr>\n<tr>\n<td class=\"s6\" dir=\"ltr\">3:40pm Young-Ho Suh, Sung-Pil Woo and Dong-Hwan Park.<\/p>\n<p><em>SLICE : Self-Learnable Common IoT Software Engine<\/em> [FULL PAPER]<\/td>\n<td class=\"s6\" dir=\"ltr\">3:40pm Konrad Diwold, Simon Mayer, Ralf Mosshammer, Jack Hodges, Darko Anicic, Alfred Einfalt and Josiane Xavier Parreira.<\/p>\n<p><em>Grid Watch Dog: A Stream Reasoning Approach for Lightweight SCADA Functionality in Low-Voltage Grids<\/em> [FULL PAPER]<\/td>\n<td><\/td>\n<\/tr>\n<tr>\n<td class=\"s8\" dir=\"ltr\">4:00pm Vijay Kanade.<\/p>\n<p><em>A Bio-Inspired Unsupervised Algorithm for Deploying<\/em> [BoT]\u00a0[SHORT PAPER]<\/td>\n<td class=\"s8\" dir=\"ltr\"><\/td>\n<td><\/td>\n<\/tr>\n<tr>\n<td class=\"s3\" dir=\"ltr\"><strong>4:10-6:00pm<\/strong><\/td>\n<td class=\"s7\" dir=\"ltr\">5:00-8:00pm <strong>Social Event:\u00a0Reception at UCSB Faculty Club<\/strong><\/p>\n<p>Round trip transporation will be provided; will include refreshments and optional campus tour<\/td>\n<td class=\"s3\" dir=\"ltr\"><strong>Break and Poster Session\u00a0<\/strong><\/p>\n<p>[all demo\/poster\/short and late breaking result papers will be presented as posters or demos]<\/td>\n<td class=\"s9\"><\/td>\n<\/tr>\n<\/tbody>\n<\/table>\n","protected":false},"excerpt":{"rendered":"<p>Download the IoTProgram as pdf Download IoT accepted papers 15\/10\/2018 16\/10\/2018 17\/10\/2018 18\/10\/2018 09:00am-10:00am \u00a0 Workshops\u00a0 Tutorials \u00a0 \u00a0 \u00a0 \u00a0 09:00am Welcome 09:10am Keynote Karl Johansson, KTH Royal Institute of Technology &#8220;Connected and Automated Vehicles: Recent Research Developments in&hellip;  <\/p>\n<p class=\"more-link\"><a href=\"https:\/\/iot-conference.org\/iot2018\/program\/\">Continue reading <span class=\"meta-nav\">&rarr;<\/span><\/a><\/p>\n","protected":false},"author":1,"featured_media":0,"parent":0,"menu_order":0,"comment_status":"closed","ping_status":"closed","template":"full-width-page.php","meta":{"footnotes":""},"class_list":["post-23","page","type-page","status-publish","hentry"],"_links":{"self":[{"href":"https:\/\/iot-conference.org\/iot2018\/wp-json\/wp\/v2\/pages\/23","targetHints":{"allow":["GET"]}}],"collection":[{"href":"https:\/\/iot-conference.org\/iot2018\/wp-json\/wp\/v2\/pages"}],"about":[{"href":"https:\/\/iot-conference.org\/iot2018\/wp-json\/wp\/v2\/types\/page"}],"author":[{"embeddable":true,"href":"https:\/\/iot-conference.org\/iot2018\/wp-json\/wp\/v2\/users\/1"}],"replies":[{"embeddable":true,"href":"https:\/\/iot-conference.org\/iot2018\/wp-json\/wp\/v2\/comments?post=23"}],"version-history":[{"count":1,"href":"https:\/\/iot-conference.org\/iot2018\/wp-json\/wp\/v2\/pages\/23\/revisions"}],"predecessor-version":[{"id":24,"href":"https:\/\/iot-conference.org\/iot2018\/wp-json\/wp\/v2\/pages\/23\/revisions\/24"}],"wp:attachment":[{"href":"https:\/\/iot-conference.org\/iot2018\/wp-json\/wp\/v2\/media?parent=23"}],"curies":[{"name":"wp","href":"https:\/\/api.w.org\/{rel}","templated":true}]}}