{"id":26,"date":"2018-11-05T16:42:24","date_gmt":"2018-11-05T16:42:24","guid":{"rendered":"http:\/\/iot-conference.inf.usi.ch\/iot2018\/?page_id=26"},"modified":"2019-11-19T13:19:20","modified_gmt":"2019-11-19T13:19:20","slug":"committee","status":"publish","type":"page","link":"https:\/\/iot-conference.org\/iot2018\/committee\/","title":{"rendered":"Committee"},"content":{"rendered":"<h4>Conference Chairs<\/h4>\n<ul>\n<li><a>Krzysztof Janowicz\u00a0<\/a>(University of California, Santa Barbara, USA)<\/li>\n<li>Werner Kuhn (University of California, Santa Barbara, USA)<\/li>\n<\/ul>\n<p>&nbsp;<\/p>\n<h4>Technical Program Chairs<\/h4>\n<ul>\n<li>Federica Cena (University of Torino, IT)<\/li>\n<li>Armin Haller (Australian National University, AU)<\/li>\n<li><a href=\"http:\/\/kyriakos.ae.gatech.edu\/\">Kyriakos G. Vamvoudakis<\/a> (Georgia Institute of Technology (Georgia Tech), USA)<\/li>\n<\/ul>\n<p>&nbsp;<\/p>\n<h4>Workshop\/ Tutorial Chairs<\/h4>\n<ul>\n<li><a href=\"http:\/\/grantmckenzie.com\/\">Grant McKenzie<\/a> (McGill University, Canada)<\/li>\n<li>Maxime Lefran\u00e7ois (\u00c9cole des Mines de Saint-\u00c9tienne, FR)<\/li>\n<\/ul>\n<p>&nbsp;<\/p>\n<h4>Web Chair<\/h4>\n<ul>\n<li>Simon Mayer (Pro2Future GmbH and Graz University of Technology, AT)<\/li>\n<\/ul>\n<p>&nbsp;<\/p>\n<h4>Local Organization<\/h4>\n<ul>\n<li><a>Karen Doehner\u00a0<\/a>(University of California, Santa Barbara, USA)<\/li>\n<\/ul>\n<p>&nbsp;<\/p>\n<h4>Publication and Publicity Chair<\/h4>\n<ul>\n<li>Anila Butt (CSIRO, Australia)<\/li>\n<\/ul>\n<h4><\/h4>\n<p>&nbsp;<\/p>\n<h4>Program Committee:<\/h4>\n<ul>\n<li>Matt Adcock (CSIRO)<\/li>\n<li>Doreid Ammar (Emlyon Business School)<\/li>\n<li>Leonardo Angelini (University of Applied Sciences Western Switzerland)<\/li>\n<li>Darko Anicic (Siemens AG)<\/li>\n<li>Mihai B\u00e2ce (ETH Zurich)<\/li>\n<li>Michael Beigl (TecO, Pervasive Computing Systems, KIT)<\/li>\n<li>Rahul Bhattacharyya (Massachusetts Institute of Technology)<\/li>\n<li>Olivier Boissier (Mines Saint-Etienne, Institut Henri Fayol, Laboratoire Hubert Curien UMR CNRS 5516)<\/li>\n<li>Iva Bojic (Massachusetts Institute of Technology)<\/li>\n<li>Anila Butt (CSIRO)<\/li>\n<li>Arne Broering (Siemens AG)<\/li>\n<li>Sophia Brueckner (University of Michigan)<\/li>\n<li>Thidapat Chantem (Virginia Tech)<\/li>\n<li>Andrei Ciortea (University POLITEHNICA of Bucharest)<\/li>\n<li>Daniele Dell&#8217;Aglio (University of Zurich)<\/li>\n<li>Schahram Dustdar (Vienna University of Technology)<\/li>\n<li>Giancarlo Fortino (University of Calabria)<\/li>\n<li>Dimitrios Georgakopoulos (Swinburne University of Technology)<\/li>\n<li>Ryan Gerdes (Virginia Tech)<\/li>\n<li>Vaggelis Giannikas (University of Bath)<\/li>\n<li>Dominique Guinard (MIT \/ ETH Zurich \/ SAP Research)<\/li>\n<li>Andreas Harth (University Erlangen-Nuremberg)<\/li>\n<li>Karin Anna Hummel (JKU Linz)<\/li>\n<li>Tam Huynh (T-Systems International GmbH)<\/li>\n<li>Svetozar Ilchev (Institute of Information and Communication Technologies, Bulgarian Academy of Sciences)<\/li>\n<li>Simon Jirka (52\u00b0North GmbH)<\/li>\n<li>Stamatis Karnouskos (SAP)<\/li>\n<li>Wolfgang Kastner (Vienna University of Technology)<\/li>\n<li>Haklae Kim (Samsung Electronics)<\/li>\n<li>Bahare Kiumarsi (University of Illinois at Urbana-Champaign)<\/li>\n<li>Roman Kolcun (Imperial College London)<\/li>\n<li>Frank Alexander Kraemer (Norwegian University of Science and Technology)<\/li>\n<li>Chandra Krintz (UC Santa Barbara)<\/li>\n<li>Mareike Kritzler (Siemens Corporate Technology)<\/li>\n<li>Kai Kunze (Keio University)<\/li>\n<li>Sy-Yen Kuo (National Taiwan University of Science and Technology)<\/li>\n<li>Danh Le Phuoc (TU Berlin)<\/li>\n<li>David Lechner (Fronius International GmbH)<\/li>\n<li>Hyunjae Lee (Seoul National University)<\/li>\n<li>Marino Linaje (Universidad de Extremadura)<\/li>\n<li>Bernhard Mandl (University of Applied Sciences Kufstein Tirol)<\/li>\n<li>Simon Mayer (TU Graz and Pro2Future GmbH)<\/li>\n<li>Massimo Mecella (Sapienza University of Rome)<\/li>\n<li>Lionel M\u00e9dini (LIRIS lab. \/ University of Lyon)<\/li>\n<li>Florian Michahelles (Siemens Corporation)<\/li>\n<li>Paolo Missier (Newcastle University)<\/li>\n<li>Hamidreza Modares (Missouri University of Science and Technology)<\/li>\n<li>Jacques Pasquier (Dept. of Computer Science, Univ. of Fribourg)<\/li>\n<li>Charith Perera (Newcastle University)<\/li>\n<li>Alexander Pflaum (Fraunhofer)<\/li>\n<li>Amon Rapp (University of Torino)<\/li>\n<li>Georg Rehm (DFKI)<\/li>\n<li>Till Riedel (TecO, Karlsruhe Institute of Technology (KIT))<\/li>\n<li>Gianluca Rizzo (HES SO Valais)<\/li>\n<li>Kay Roemer (TU Graz)<\/li>\n<li>Thomas Schmiedinger (FH Kufstein Tirol, University of Applied Sciences,)<\/li>\n<li>Michael Sheng (Macquarie University)<\/li>\n<li>Nattachart Tamkttikhun (Norwegian University of Science and Technology)<\/li>\n<li>Hiroaki Tobita (AIIT)<\/li>\n<li>Ilaria Torre (Department of Computer Science, Bioengineering, Robotics and Systems Engineering, University of Genoa)<\/li>\n<li>Kristof Van Laerhoven (University of Siegen)<\/li>\n<li>Inaki Vazquez (Universidad de Deusto)<\/li>\n<li>Joachim Walewski (Siemens AG)<\/li>\n<li>Mary-Anne Williams (Innovation and Enterprise Research Lab, UTS)<\/li>\n<li>Felix Wortmann (IWI HSG)<\/li>\n<li>Josiane Xavier Parreira (Siemens AG \u00d6sterreich)<\/li>\n<li>Arkady Zaslavsky (CSIRO)<\/li>\n<\/ul>\n","protected":false},"excerpt":{"rendered":"<p>Conference Chairs Krzysztof Janowicz\u00a0(University of California, Santa Barbara, USA) Werner Kuhn (University of California, Santa Barbara, USA) &nbsp; Technical Program Chairs Federica Cena (University of Torino, IT) Armin Haller (Australian National University, AU) Kyriakos G. Vamvoudakis (Georgia Institute of Technology&hellip;  <\/p>\n<p class=\"more-link\"><a href=\"https:\/\/iot-conference.org\/iot2018\/committee\/\">Continue reading <span class=\"meta-nav\">&rarr;<\/span><\/a><\/p>\n","protected":false},"author":1,"featured_media":0,"parent":0,"menu_order":0,"comment_status":"closed","ping_status":"closed","template":"","meta":{"footnotes":""},"class_list":["post-26","page","type-page","status-publish","hentry"],"_links":{"self":[{"href":"https:\/\/iot-conference.org\/iot2018\/wp-json\/wp\/v2\/pages\/26","targetHints":{"allow":["GET"]}}],"collection":[{"href":"https:\/\/iot-conference.org\/iot2018\/wp-json\/wp\/v2\/pages"}],"about":[{"href":"https:\/\/iot-conference.org\/iot2018\/wp-json\/wp\/v2\/types\/page"}],"author":[{"embeddable":true,"href":"https:\/\/iot-conference.org\/iot2018\/wp-json\/wp\/v2\/users\/1"}],"replies":[{"embeddable":true,"href":"https:\/\/iot-conference.org\/iot2018\/wp-json\/wp\/v2\/comments?post=26"}],"version-history":[{"count":3,"href":"https:\/\/iot-conference.org\/iot2018\/wp-json\/wp\/v2\/pages\/26\/revisions"}],"predecessor-version":[{"id":30,"href":"https:\/\/iot-conference.org\/iot2018\/wp-json\/wp\/v2\/pages\/26\/revisions\/30"}],"wp:attachment":[{"href":"https:\/\/iot-conference.org\/iot2018\/wp-json\/wp\/v2\/media?parent=26"}],"curies":[{"name":"wp","href":"https:\/\/api.w.org\/{rel}","templated":true}]}}