{"id":52,"date":"2018-11-05T16:57:27","date_gmt":"2018-11-05T16:57:27","guid":{"rendered":"http:\/\/iot-conference.inf.usi.ch\/iot2018\/?page_id=52"},"modified":"2019-11-19T13:19:20","modified_gmt":"2019-11-19T13:19:20","slug":"accepted-papers","status":"publish","type":"page","link":"https:\/\/iot-conference.org\/iot2018\/accepted-papers\/","title":{"rendered":"Accepted Papers"},"content":{"rendered":"<h2>Full Papers<\/h2>\n<ol>\n<li>Hoan Nguyen Mau Quoc, Martin Serrano, John G. Breslin and Danh Le Phuoc.\u00a0<em>A learning approach for query planning on spatio-temporal IoT data<\/em><\/li>\n<li>Maria Grammatopoulou, Aris Kanellopoulos and Kyriakos Vamvoudakis.\u00a0<em>A Multi-step and Resilient Predictive Q-learning Algorithm for IoT: A Case Study in Water Supply Networks<\/em><\/li>\n<li>Le Tuan Anh, Conor Hayes, Marcin Wylot and Danh Le Phuoc.\u00a0<em>RDF4Led: An RDF engine for Lightweight Edge Devices<\/em><\/li>\n<li>Farshid Salemi Parizi, Josh Fromm, Shantanu Deshpande and Shwetak Patel.\u00a0<em>RoyalFlush: Non-Invasive Water Level Monitor to Prevent Toilet Overflows<\/em><\/li>\n<li>Victor Charpenay, Sebastian K\u00e4bisch and Harald Kosch.\u00a0<em>Semantic Data Integration on the Web of Things<\/em><\/li>\n<li>Kristina Sahlmann and Thomas Schwotzer.\u00a0<em>Ontology-based Virtual IoT Devices for Edge Computing<\/em><\/li>\n<li>Sandro Rodriguez Garzon, Sebastian Walther, Shaoning Pang, Bersant Deva and Axel K\u00fcpper.\u00a0<em>Urban Air Pollution Alert Service for Smart Cities<\/em><\/li>\n<li>Karamjit Kaur, Matt Selway, Alan Johnston, Georg Grossmann and Markus Stumptner.\u00a0<em>Towards an Open-standards based Framework for achieving Condition-based Predictive Maintenance<\/em><\/li>\n<li>Li Duan, Yong Li and Lijun Liao.\u00a0<em>Flexible CRL for efficient authentication in IoT<\/em><\/li>\n<li>Chandra Krintz, Rich Wolski, Nevena Golubovic and Fatih Bakir.\u00a0<em>Estimating Outdoor Temperature from CPU Temperature for IoT Applications in Agriculture<\/em><\/li>\n<li>Konrad Diwold, Simon Mayer, Ralf Mosshammer, Jack Hodges, Darko Anicic, Alfred Einfalt and Josiane Xavier Parreira.\u00a0<em>Grid Watch Dog: A Stream Reasoning Approach for Lightweight SCADA Functionality in Low-Voltage Grids<\/em><\/li>\n<li>Phu H. Nguyen, Phu H. Phung and Hong-Linh Truong.\u00a0<em>A Security Policy Enforcement Framework for Controlling IoT Tenant Applications in the Edge<\/em><\/li>\n<li>Jacky Bourgeois, Gerd Kortuem and Fahim Kawsar.\u00a0<em>Trusted and GDPR-Compliant Research with the Internet of Things<\/em><\/li>\n<li>Young-Ho Suh, Sung-Pil Woo and Dong-Hwan Park.\u00a0<em>SLICE : Self-Learnable Common IoT Software Engine<\/em><\/li>\n<li>Mohammad Hasanzadeh Mofrad and Daniel Mosse.\u00a0<em>Speech Recognition and Voice Separation for the Internet of Things<\/em><\/li>\n<li>Paul Giura and Trevor Jim.\u00a0<em>Sapphire: Using network gateways for IoT security<\/em><\/li>\n<li>Sathiya Kumaran Mani, Ramakrishnan Durairajan, Paul Barford and Joel Sommers.\u00a0<em>An Architecture for IoT Clock Synchronization<\/em><\/li>\n<li>Markel Iglesias-Urkia, Diego Casado-Mansilla, Simon Mayer and Aitor Urbieta.\u00a0<em>Enhanced publish\/subscribe in CoAP: Describing advanced subscription mechanisms for the Observe extension<\/em><\/li>\n<li>Waqar Asif, Indranil Ghosh Ray and Muttukrishnan Rajarajan.\u00a0<em>An Attack Tree Based Risk Evaluation Approach For The Internet of Things<\/em><\/li>\n<\/ol>\n<p>&nbsp;<\/p>\n<h2>Short Papers<\/h2>\n<ol>\n<li>Vijay Kanade.\u00a0<em>A Bio-Inspired Unsupervised Algorithm for Deploying [BoT]*<\/em><\/li>\n<li>Sergio Trilles, Alberto Gonz\u00e1lez-P\u00e9rez and Joaqu\u00edn Huerta Guijarro.\u00a0<em>A IoT proposal for monitoring vineyards called SEnviro for agriculture<\/em><\/li>\n<li>Mehdi Karimibiuki and Andre Ivanov.\u00a0<em>MiniCloud: A Mini Storage and Query Service for Local Heterogeneous IoT Devices<\/em><\/li>\n<li>Sourav Dutta and Sheheeda Manakkadu.\u00a0<em>On efficient resource allocation in the Internet of Things environment<\/em><\/li>\n<li>Rahul Majethia and Krishnan Rajkumar.\u00a0<em>Mining Channel State Information from Bluetooth Low Energy RSSI for Robust Object-to-Object Ranging<\/em><\/li>\n<li>Alireza Farahmandi, Gary Hewer, Brian Reitz, Katia Estabridis and Kyriakos Vamvoudakis. A Model Free Learning Algorithm to Control Autonomous Streams over IoT<\/li>\n<\/ol>\n<p>&nbsp;<\/p>\n<h2>Posters, Demos and Late-Breaking Results Papers<\/h2>\n<ol>\n<li>Justina Lydekaityte and Torben Tambo. <em>Business Perspectives of Smart Interactive Packaging: Digital Transformation of Brand\u2019s Consumer Engagement<\/em><\/li>\n<li>Yanxia Zhang and Hayley Hung. <em>Using Topic Models to Mine Everyday Object Usage Routines through Connected IoT Sensors<\/em><\/li>\n<li>Denis Kramer and Joerg Haehner. <em>Beyond semantic interoperability in IoT ecosystems<\/em><\/li>\n<li>Youngmin Ji, Kisu Ok and Woo Suk Choi. <em>Occupancy Detection Technology in the Building Based on IoT Environment Sensors<\/em><\/li>\n<li>Stanley Nwabuona, Markus Schuss, Simon Mayer, Konrad Diwold, Lukas Krammer and Alfred Einfalt. <em>Time-synchronized Data Collection in Smart Grids through IPv6 over BLE<\/em><\/li>\n<li>Martin Serrano, Hung Nguyen and Hoan Nguyen Mau Quoc. <em>Recent Advances on Artificial Intelligence and Internet of Things Convergence for Human-Centric Applications<\/em><\/li>\n<li>Edgar Rodriguez Ramirez, Kah Chan, Regan Petrie and Nada Signal. <em>A Tangible Interface and Augmented Reality Game for Facilitating Sit-to-Stand Exercises for Stroke Rehabilitation<\/em><\/li>\n<li>Cosmin Avasalcai and Schahram Dustdar. <em>Latency-aware decentralized resource management for IoT applications<\/em><\/li>\n<li>Alireza Farahmandi, Gary Hewer, Brian Reitz, Katia Estabridis and Kyriakos Vamvoudakis. <em>A Model Free Learning Algorithm to Control Autonomous Streams over IoT<\/em><\/li>\n<\/ol>\n","protected":false},"excerpt":{"rendered":"<p>Full Papers Hoan Nguyen Mau Quoc, Martin Serrano, John G. Breslin and Danh Le Phuoc.\u00a0A learning approach for query planning on spatio-temporal IoT data Maria Grammatopoulou, Aris Kanellopoulos and Kyriakos Vamvoudakis.\u00a0A Multi-step and Resilient Predictive Q-learning Algorithm for IoT: A&hellip;  <\/p>\n<p class=\"more-link\"><a href=\"https:\/\/iot-conference.org\/iot2018\/accepted-papers\/\">Continue reading <span class=\"meta-nav\">&rarr;<\/span><\/a><\/p>\n","protected":false},"author":1,"featured_media":0,"parent":0,"menu_order":0,"comment_status":"closed","ping_status":"closed","template":"","meta":{"footnotes":""},"class_list":["post-52","page","type-page","status-publish","hentry"],"_links":{"self":[{"href":"https:\/\/iot-conference.org\/iot2018\/wp-json\/wp\/v2\/pages\/52","targetHints":{"allow":["GET"]}}],"collection":[{"href":"https:\/\/iot-conference.org\/iot2018\/wp-json\/wp\/v2\/pages"}],"about":[{"href":"https:\/\/iot-conference.org\/iot2018\/wp-json\/wp\/v2\/types\/page"}],"author":[{"embeddable":true,"href":"https:\/\/iot-conference.org\/iot2018\/wp-json\/wp\/v2\/users\/1"}],"replies":[{"embeddable":true,"href":"https:\/\/iot-conference.org\/iot2018\/wp-json\/wp\/v2\/comments?post=52"}],"version-history":[{"count":1,"href":"https:\/\/iot-conference.org\/iot2018\/wp-json\/wp\/v2\/pages\/52\/revisions"}],"predecessor-version":[{"id":53,"href":"https:\/\/iot-conference.org\/iot2018\/wp-json\/wp\/v2\/pages\/52\/revisions\/53"}],"wp:attachment":[{"href":"https:\/\/iot-conference.org\/iot2018\/wp-json\/wp\/v2\/media?parent=52"}],"curies":[{"name":"wp","href":"https:\/\/api.w.org\/{rel}","templated":true}]}}