{"id":37,"date":"2020-01-16T17:16:41","date_gmt":"2020-01-16T16:16:41","guid":{"rendered":"https:\/\/iot-conference.org\/iot2020\/?page_id=37"},"modified":"2020-09-25T13:18:36","modified_gmt":"2020-09-25T12:18:36","slug":"committees","status":"publish","type":"page","link":"https:\/\/iot-conference.org\/iot2020\/committees\/","title":{"rendered":"Committees"},"content":{"rendered":"\n<h2 class=\"wp-block-heading\">Committees<\/h2>\n\n\n\n<p class=\"has-very-dark-gray-color has-text-color\"><strong>General Chairs:<\/strong><br> Paul Davidsson (Malm\u00f6 University, Sweden)<br> Marc Langheinrich (Universit\u00e0 della Svizzera italiana, Lugano, Switzerland)<br><br><strong>Local Chairs:<\/strong><br>Andreas Jacobsson (Malm\u00f6 University, Sweden) <br>Bahtijar Vogel (Malm\u00f6 University, Sweden)<br><br><strong>Technical Program Chairs:<\/strong><br>Mohan Kumar (Rochester Institute of Technology, USA)<br>Jin Nakazawa (Keio Univeristy, Japan)<br>Romina Spalazzese (Malm\u00f6 University, Sweden)<br> \u00a0<br><strong>Workshop Chairs:<\/strong><br>Per Linde (Malm\u00f6 University, Sweden)<br>Simon Mayer (University of St. Gallen, Switzerland)<br><br><strong>Demo and Poster Chairs:<\/strong><br>Diego Casado-Mansilla (University of Deusto, Spain)<br>Daniel Spikol (Malm\u00f6 University, Sweden)<br><strong><br>Industrial Chairs:<\/strong><br>Ola Svedin (Mobile Heights, Sweden)<br>Carl Magnus Olsson (Malm\u00f6 University, Sweden)<br><br><strong>Doctoral Colloquium Chairs:<\/strong><br>Frank Alexander Kraemer (Norwegian University of Science and Technology, Norway)<br>Nancy Russo (Malm\u00f6 University, Sweden)<br><br><strong>Publications Chairs: <\/strong><br>Martina De Sanctis (Gran Sasso Science Institute, Italy)<br>Radu Mihailescu (Malm\u00f6 University, Sweden)<br><br><strong>Publicity Chair:<\/strong> <br>Reza Malekian (Malm\u00f6 University, Sweden)<br><br><strong>IT Chair:<\/strong><br>Johan Holmberg (Malm\u00f6 University, Sweden)<br><br><strong>Web Chair:<\/strong><br>Angela Andersen (Malm\u00f6 University, Sweden)<br><br><strong>Steering Committee:<\/strong><br>Krzysztof Janowicz (UC Santa Barbara, USA)<br>Marc Langheinrich, chair (Universit\u00e0 della Svizzera italiana, Lugano, Switzerland)<br>Simon Mayer (University of St. Gallen, Switzerland)<br>Florian Michahelles (Siemens, USA)<br>Jun Murai (Keio University, Japan)<br>Albrecht Schmidt (LMU Munich, Germany)<br>Stefan Schneegass (University of Duisburg-Essen, Germany)<br><br><strong>Program Committee:<\/strong><br>Bernhard Anzengruber (Institute for Pervasive Computing Johannes Kepler University)<br>Michael Beigl, TECO (Pervasive Computing Systems, KIT)<br>Fatima Benhamida (ESI)<br>Rahul Bhattacharyya (Massachusetts Institute of Technology)<br>Olivier Boissier (Ecole Nationale Sup\u00e9rieure des Mines de Saint-Etienne)<br>Iva Boji\u0107 (Massachusetts Institute of Technology)<br>David Boyle (Imperial College London)<br>Mihai B\u00e2ce (ETH Zurich)<br>Diego Casado-Mansilla (University of Deusto)<br>Yin Chen (Keio University)<br>Andrei Ciortea (University of St. Gallen)<br>Giuseppe Di Modica (University of Bologna)<br>Jens Grossklags (Technical University of Munich)<br>Karin Anna Hummel (JKU Linz)<br>T\u00e2m Huynh (T-Systems International GmbH)<br>Dimosthenis Ioannidis (CERTH\/ITI)<br>Stamatis Karnouskos (SAP)<br>Wolfgang Kastner (Vienna University of Technology)<br>Zaheer Khan (University of the West of England)<br>Yasue Kishino (NTT Communication Science Laboratories)<br>Roman Kolcun (Imperial College London)<br>Matthias Kovatsch (Siemens AG)<br>Stelios Krinidis (Information Technologies Institute)<br>Mohan Kumar (Rochester Institute of Technology)<br>Mikel Larrea (University of the Basque Country UPV\/EHU)<br>Maurizio Leotta (University of Genoa, Italy)<br>Marino Linaje &#8211; Universidad de Extremadura<br>Lionel M\u00e9dini (LIRIS lab. \/ University of Lyon)<br>Saraju Mohanty (University of North Texas)<br>Jin Mitsugi (Keio University)<br>Jin Nakazawa (Keio Univeristy)<br>Yuuki Nishiyama (The University of Tokyo)<br>Jacques Pasquier (University of Fribourg)<br>Luigi Patrono (University of Salento)<br>Dave Raggett (W3C)<br>Kay Roemer (TU Graz)<br>Romina Spalazzese (Malm\u00f6 University)<br>Akira Uchiyama (Osaka University)<br>Kristof Van Laerhoven (University of Siegen)<br>Juan-Ignacio Vazquez (University of Deusto)<br>Felix Wortmann (IWI HSG)<br><\/p>\n\n\n\n<div class=\"wp-block-group\"><div class=\"wp-block-group__inner-container is-layout-flow wp-block-group-is-layout-flow\">\n<p class=\"has-very-dark-gray-color has-text-color\"><\/p>\n<\/div><\/div>\n\n\n\n<p><\/p>\n","protected":false},"excerpt":{"rendered":"<p>Committees General Chairs: Paul Davidsson (Malm\u00f6 University, Sweden) Marc Langheinrich (Universit\u00e0 della Svizzera italiana, Lugano, Switzerland) Local Chairs:Andreas Jacobsson (Malm\u00f6 University, Sweden) Bahtijar Vogel (Malm\u00f6 University, Sweden) Technical Program Chairs:Mohan &#8230;<\/p>\n","protected":false},"author":4,"featured_media":0,"parent":0,"menu_order":0,"comment_status":"closed","ping_status":"closed","template":"","meta":{"footnotes":""},"class_list":["post-37","page","type-page","status-publish","hentry"],"_links":{"self":[{"href":"https:\/\/iot-conference.org\/iot2020\/wp-json\/wp\/v2\/pages\/37","targetHints":{"allow":["GET"]}}],"collection":[{"href":"https:\/\/iot-conference.org\/iot2020\/wp-json\/wp\/v2\/pages"}],"about":[{"href":"https:\/\/iot-conference.org\/iot2020\/wp-json\/wp\/v2\/types\/page"}],"author":[{"embeddable":true,"href":"https:\/\/iot-conference.org\/iot2020\/wp-json\/wp\/v2\/users\/4"}],"replies":[{"embeddable":true,"href":"https:\/\/iot-conference.org\/iot2020\/wp-json\/wp\/v2\/comments?post=37"}],"version-history":[{"count":19,"href":"https:\/\/iot-conference.org\/iot2020\/wp-json\/wp\/v2\/pages\/37\/revisions"}],"predecessor-version":[{"id":533,"href":"https:\/\/iot-conference.org\/iot2020\/wp-json\/wp\/v2\/pages\/37\/revisions\/533"}],"wp:attachment":[{"href":"https:\/\/iot-conference.org\/iot2020\/wp-json\/wp\/v2\/media?parent=37"}],"curies":[{"name":"wp","href":"https:\/\/api.w.org\/{rel}","templated":true}]}}