{"id":774,"date":"2020-11-04T10:46:44","date_gmt":"2020-11-04T09:46:44","guid":{"rendered":"https:\/\/iot-conference.org\/iot2020\/?page_id=774"},"modified":"2020-11-05T11:58:59","modified_gmt":"2020-11-05T10:58:59","slug":"videos","status":"publish","type":"page","link":"https:\/\/iot-conference.org\/iot2020\/videos\/","title":{"rendered":"Videos"},"content":{"rendered":"\n<h1 class=\"wp-block-heading\">Videos<\/h1>\n\n\n\n<p><span class=\"has-inline-color has-black-color\">Presentation videos from the main track of IoT 2020. Click on the title to view the video on MauPlay or click <\/span><a href=\"https:\/\/play.mau.se\/playlist\/dedicated\/150727\/0_ri9dzt23\/\"><span class=\"has-inline-color has-vivid-cyan-blue-color\">here<\/span><\/a><span class=\"has-inline-color has-black-color\"> to watch the entire playlist.<\/span><\/p>\n\n\n\n<div style=\"height:33px\" aria-hidden=\"true\" class=\"wp-block-spacer\"><\/div>\n\n\n\n<h3 class=\"wp-block-heading\"><strong>Artificial Intelligence, Machine Learning<\/strong><\/h3>\n\n\n\n<ul class=\"wp-block-list\"><li><em><strong><a href=\"https:\/\/play.mau.se\/media\/t\/0_y0rg7lbh\"><span class=\"has-inline-color has-vivid-cyan-blue-color\">Activity Recognition and User Preference Learning for Automated Configuration of IoT Environments<\/span><\/a><\/strong><\/em><span class=\"has-inline-color has-black-color\"><br>Fahed Alkhabbas, Sadi Alawadi, Romina Spalazzese, Paul Davidsson<\/span><\/li><li><em><strong><a href=\"https:\/\/play.mau.se\/media\/t\/0_s1ecz96c\"><span class=\"has-inline-color has-vivid-cyan-blue-color\">Edge2Train: A Framework to Train Machine Learning Models on Resource Constrained IoT Edge Devices<\/span><\/a><\/strong><\/em><span class=\"has-inline-color has-black-color\"><br>Bharath Sudharshan, John G. Breslin, Muhammad Intizar Ali<\/span><\/li><li><em><strong><a href=\"https:\/\/play.mau.se\/media\/t\/0_1b3ob4g5\"><span class=\"has-inline-color has-vivid-cyan-blue-color\">Fault Detection in Sensors Using Single and Multi-Channel Weighted Convolutional Neural Networks<\/span><\/a><\/strong><\/em><span class=\"has-inline-color has-black-color\"><br>Sumona Mukhopadhyay, Marin Litoiu<\/span><\/li><li><em><strong><a href=\"https:\/\/play.mau.se\/media\/t\/0_d4b46p9q\"><span class=\"has-inline-color has-vivid-cyan-blue-color\">Information-Driven Adaptive Sensing Based on Deep Reinforcement Learning<\/span><\/a><\/strong><\/em><span class=\"has-inline-color has-black-color\"><br>Abdulmajid Murad, Frank Alexander Kraemer, Kerstin Bach, Gavin Taylor<\/span><\/li><li><em><strong><a href=\"https:\/\/play.mau.se\/media\/t\/0_ujkilhwj\"><span class=\"has-inline-color has-vivid-cyan-blue-color\">Natural Language Goal Understanding for Smart Home Environments<\/span><\/a><\/strong><\/em><span class=\"has-inline-color has-black-color\"><br>Mahda Noura, Sebastian Heil, Martin Gaedke<\/span><\/li><li><em><strong><a href=\"https:\/\/play.mau.se\/media\/t\/0_p6sp2g4h\"><span class=\"has-inline-color has-vivid-cyan-blue-color\">RCE-NN: A Five-stages Pipeline to Execute CNNs on Resource-constrained Edge Devices<\/span><\/a><\/strong><\/em><span class=\"has-inline-color has-black-color\"><br>Bharath Sudharsan, John G. Breslin, Muhammad Intizar Ali<\/span><\/li><\/ul>\n\n\n\n<div style=\"height:25px\" aria-hidden=\"true\" class=\"wp-block-spacer\"><\/div>\n\n\n\n<h3 class=\"wp-block-heading\"><strong>Energy Conservation<\/strong><\/h3>\n\n\n\n<ul class=\"wp-block-list\"><li><em><strong><a href=\"https:\/\/play.mau.se\/media\/t\/0_ndji4zqk\"><span class=\"has-inline-color has-vivid-cyan-blue-color\">Analysis of Energy Consumption in a Precision Beekeeping System<\/span><\/a><\/strong><\/em><span class=\"has-inline-color has-black-color\"><br>Hugo Hadjur, Doreid Ammar, Laurent Lefevre<span class=\"has-inline-color has-black-color\"><\/span><\/span><\/li><li><em><strong><a href=\"https:\/\/play.mau.se\/media\/t\/0_0n5nblla\"><span class=\"has-inline-color has-vivid-cyan-blue-color\">Evaluation of Selected Technologies for the Implementation of Meter Data Management System<\/span><\/a><\/strong><\/em><span class=\"has-inline-color has-black-color\"><br>Petar Krivic, Emanuel Guberovic, Igor Cavrak, Ivana Podnar Zarko<\/span><\/li><li><span class=\"has-inline-color has-black-color\"><span class=\"has-inline-color has-black-color\"><\/span><\/span><em><strong><a href=\"https:\/\/play.mau.se\/media\/t\/0_sr24ekqy\"><span class=\"has-inline-color has-vivid-cyan-blue-color\">Nano-Things: Pushing Sleep Current Consumption to the Limits in IoT Platforms<\/span><\/a><\/strong><\/em><span class=\"has-inline-color has-black-color\"><br>Giannis Kazdaridis, Nikos Sidiropoulos, Ioannis Zografopoulos, Polychronis Symeonidis, Thanasis Korakis<\/span><\/li><\/ul>\n\n\n\n<div style=\"height:25px\" aria-hidden=\"true\" class=\"wp-block-spacer\"><\/div>\n\n\n\n<h3 class=\"wp-block-heading\"><strong>Engineering IoT Software<\/strong><\/h3>\n\n\n\n<ul class=\"wp-block-list\"><li><em><strong><a href=\"https:\/\/play.mau.se\/media\/t\/0_rjz17z0e\"><span class=\"has-inline-color has-vivid-cyan-blue-color\">A Distributed Framework to Orchestrate Video Analytics Across Edge and Cloud: A Use Case of Smart Doorbell<\/span><\/a><\/strong><\/em><span class=\"has-inline-color has-black-color\"><br>Tapan Pathak, Vatsal Patel, Sarth Kanani, Shailesh Arya, Pankesh Patel, Muhammad Intizar Ali<\/span><\/li><li><em><strong><a href=\"https:\/\/play.mau.se\/media\/t\/0_1ql3nep2\"><span class=\"has-inline-color has-vivid-cyan-blue-color\">Elastic Resource Management and Network Slicing for IoT over Edge Clouds<\/span><\/a><\/strong><\/em><span class=\"has-inline-color has-black-color\"><br>\u00c1kos Recse, R\u00f3bert Szab\u00f3, Bal\u00e1zs N\u00e9meth<\/span><\/li><li><em><strong><a href=\"https:\/\/play.mau.se\/media\/t\/0_c79a3i1v\"><span class=\"has-inline-color has-vivid-cyan-blue-color\">Exploring Smart Home and Internet of Things Technologies for Smart Public Buildings<\/span><\/a><\/strong><\/em><span class=\"has-inline-color has-black-color\"><br>Myriam Guedey, Dieter Uckelmann<\/span><\/li><li><em><strong><a href=\"https:\/\/play.mau.se\/media\/t\/0_u92zzagc\"><span class=\"has-inline-color has-vivid-cyan-blue-color\">Tiered versus Tierless IoT Stacks: Comparing Smart Campus Software Architectures<\/span><\/a><\/strong><\/em><span class=\"has-inline-color has-black-color\"><br>Mart Lubbers, Pieter Koopman, Adrian Ramsingh, Jeremy Singer, Phil Trinder<\/span><\/li><\/ul>\n\n\n\n<div style=\"height:25px\" aria-hidden=\"true\" class=\"wp-block-spacer\"><\/div>\n\n\n\n<h3 class=\"wp-block-heading\"><strong>Networking and Systems Support<\/strong><\/h3>\n\n\n\n<ul class=\"wp-block-list\"><li><em><strong><a href=\"https:\/\/play.mau.se\/media\/t\/0_yejm3on4\"><span class=\"has-inline-color has-vivid-cyan-blue-color\">Bringing Deterministic Industrial Networking to the W3C Web of Things with TSN and OPC UA<\/span><\/a><\/strong><\/em><span class=\"has-inline-color has-black-color\"><br>Luca Sciullo, Sushmit Bhattacharjee, Matthias Kovatsch<\/span><\/li><li><em><strong><a href=\"https:\/\/play.mau.se\/media\/t\/0_747zlsqy\"><span class=\"has-inline-color has-vivid-cyan-blue-color\">Clock Skew-based Physical Authentication Protocol for 802.15.4 IR-UWB Indoor Positioning<\/span><\/a><\/strong><\/em><span class=\"has-inline-color has-black-color\"><br>Baptiste Pestourie, Vincent Beroulle, Nicolas Fourty<\/span><\/li><li><em><strong><a href=\"https:\/\/play.mau.se\/media\/t\/0_qmavruz8\"><span class=\"has-inline-color has-vivid-cyan-blue-color\">Deterministic 40 Year Battery Lifetime through a Hybrid Perpetual Sensing Platform (HyPer)<\/span><\/a><\/strong><\/em><span class=\"has-inline-color has-black-color\"><br>Ashok Samraj Thangarajan, Fan Yang, Wouter Joose, Danny Hughes<\/span><\/li><li><em><strong><a href=\"https:\/\/play.mau.se\/media\/t\/0_qcjli2ik\"><span class=\"has-inline-color has-vivid-cyan-blue-color\">Distributed Data Validation Network in IoT: A Decentralized Validator Selection Model<\/span><\/a><\/strong><\/em><span class=\"has-inline-color has-black-color\"><br>Mohammed B. M. Kamel, Kevin Wallis, Peter Ligeti, Christoph Reich<span class=\"has-inline-color has-black-color\"><\/span><\/span><\/li><li><em><strong><a href=\"https:\/\/play.mau.se\/media\/t\/0_wl5bj2ma\"><span class=\"has-inline-color has-vivid-cyan-blue-color\">IoTHound: Environment-agnostic Device Identification and Monitoring<\/span><\/a><\/strong><\/em><span class=\"has-inline-color has-black-color\"><br>Prashant Anantharaman, Liwei Song, Ioannis Agadakos, Gabriela Ciocarlie, Bogdan Copos, Ulf Lindqvist, Michael Locasto<\/span><\/li><li><em><strong><a href=\"https:\/\/play.mau.se\/media\/t\/0_ij3l0isp\"><span class=\"has-inline-color has-vivid-cyan-blue-color\">R-Bus: A Resource Bus for Modular System Design<\/span><\/a><\/strong><\/em><span class=\"has-inline-color has-black-color\"><br>Nahit Pawar, Thomas Bourgeau, Hakima Chaouchi<\/span><\/li><\/ul>\n\n\n\n<div style=\"height:25px\" aria-hidden=\"true\" class=\"wp-block-spacer\"><\/div>\n\n\n\n<h3 class=\"wp-block-heading\"><strong>Security<\/strong><\/h3>\n\n\n\n<ul class=\"wp-block-list\"><li><em><strong><a href=\"https:\/\/play.mau.se\/media\/t\/0_glh4s1g9\"><span class=\"has-inline-color has-vivid-cyan-blue-color\">Energy Consumption for Securing Lightweight IoT Protocols<\/span><\/a><\/strong><\/em><span class=\"has-inline-color has-black-color\"><br>Pegah Nikbakht Bideh, Jonathan S\u00f6nnerup, Martin Hell<\/span><\/li><li><em><strong><a href=\"https:\/\/play.mau.se\/media\/t\/0_1811p2eu\"><span class=\"has-inline-color has-vivid-cyan-blue-color\">Is Your Home Becoming a Spy? A Data-Centered Analysis and Classification of Smart Connected Home Systems<\/span><\/a><\/strong><\/em><span class=\"has-inline-color has-black-color\"><br>Joseph Bugeja, Andreas Jacobsson, Paul Davidsson<\/span><\/li><li><em><strong><a href=\"https:\/\/play.mau.se\/media\/t\/0_u7b7m8xm\"><span class=\"has-inline-color has-vivid-cyan-blue-color\">IoTMap: A protocol-agnostic multi-layer system to detect application patterns in IoT networks<\/span><\/a><\/strong><\/em><span class=\"has-inline-color has-black-color\"><br>Jonathan Tournier, Fran\u00e7ois Lesueur, Fr\u00e9d\u00e9ric Le Mou\u00ebl, Laurent Guyon, Hicham Ben Hassine<\/span><\/li><li><em><strong><a href=\"https:\/\/play.mau.se\/media\/t\/0_k71l3ugs\"><span class=\"has-inline-color has-vivid-cyan-blue-color\">Lightweight Key Management System for inter-node communication in IoT<\/span><\/a><\/strong><\/em><span class=\"has-inline-color has-black-color\"><br>Li Duan, Lijun Liao, Yong Li<\/span><\/li><li><em><strong><a href=\"https:\/\/play.mau.se\/media\/t\/0_zvj63968\"><span class=\"has-inline-color has-vivid-cyan-blue-color\">VibeRing: Using vibrations from a smart ring as an out-of-band channel for sharing secret keys<\/span><\/a><\/strong><\/em><span class=\"has-inline-color has-black-color\"><br>Sougata Sen, David Kotz<\/span><\/li><\/ul>\n","protected":false},"excerpt":{"rendered":"<p>Videos Presentation videos from the main track of IoT 2020. Click on the title to view the video on MauPlay or click here to watch the entire playlist. Artificial Intelligence, &#8230;<\/p>\n","protected":false},"author":4,"featured_media":0,"parent":0,"menu_order":0,"comment_status":"closed","ping_status":"closed","template":"","meta":{"footnotes":""},"class_list":["post-774","page","type-page","status-publish","hentry"],"_links":{"self":[{"href":"https:\/\/iot-conference.org\/iot2020\/wp-json\/wp\/v2\/pages\/774","targetHints":{"allow":["GET"]}}],"collection":[{"href":"https:\/\/iot-conference.org\/iot2020\/wp-json\/wp\/v2\/pages"}],"about":[{"href":"https:\/\/iot-conference.org\/iot2020\/wp-json\/wp\/v2\/types\/page"}],"author":[{"embeddable":true,"href":"https:\/\/iot-conference.org\/iot2020\/wp-json\/wp\/v2\/users\/4"}],"replies":[{"embeddable":true,"href":"https:\/\/iot-conference.org\/iot2020\/wp-json\/wp\/v2\/comments?post=774"}],"version-history":[{"count":51,"href":"https:\/\/iot-conference.org\/iot2020\/wp-json\/wp\/v2\/pages\/774\/revisions"}],"predecessor-version":[{"id":835,"href":"https:\/\/iot-conference.org\/iot2020\/wp-json\/wp\/v2\/pages\/774\/revisions\/835"}],"wp:attachment":[{"href":"https:\/\/iot-conference.org\/iot2020\/wp-json\/wp\/v2\/media?parent=774"}],"curies":[{"name":"wp","href":"https:\/\/api.w.org\/{rel}","templated":true}]}}