{"id":1013,"date":"2021-11-05T11:28:39","date_gmt":"2021-11-05T11:28:39","guid":{"rendered":"https:\/\/iot-conference.org\/iot2021\/?page_id=1013"},"modified":"2022-01-18T15:22:39","modified_gmt":"2022-01-18T15:22:39","slug":"program","status":"publish","type":"page","link":"https:\/\/iot-conference.org\/iot2021\/program\/","title":{"rendered":"Program"},"content":{"rendered":"\n<p>IoT 2021 took place from Tuesday (Nov 9) until Thursday (Nov 11) and featured a (parallel) Workshops \/ Tutorials \/ Doctoral Consortium Day on Monday (Nov 8). The main program and all side events took place <strong>on the Campus of the University of St.Gallen<\/strong> as well as <strong>online<\/strong>. All lunches and coffee breaks were provided on-site for the full four days and we provided many opportunities to interact physically and virtually.<\/p>\n\n\n\n<p><a href=\"#monday\">Monday<\/a><br><a href=\"#tuesday\">Tuesday<\/a><br><a href=\"#wednesday\">Wednesday<\/a><br><a href=\"#thursday\">Thursday<\/a><\/p>\n\n\n\n<hr class=\"wp-block-separator has-text-color has-background has-black-background-color has-black-color is-style-wide\" \/>\n\n\n\n<h2 class=\"wp-block-heading\" id=\"monday\">Monday (Nov 8)<\/h2>\n\n\n\n<figure class=\"wp-block-table\">\n<table style=\"border: 2px solid black\"><tbody>\n\n<tr><td style=\"border: 2px solid black\">Timetable<\/td><td style=\"border: 2px solid black\" colspan=\"2\"><\/td><\/tr>\n\n<tr><td style=\"border: 2px solid black\">8:00 AM<\/td><td style=\"border: 2px solid black\" colspan=\"2\" align=\"center\"><strong>Registration<\/strong><br>Room FOY01-01 (Main Building)<\/td><\/tr>\n\n<tr><td style=\"border: 2px solid black\">9:00 AM<\/td><td style=\"border: 2px solid black\" colspan=\"2\"><br><a rel=\"noreferrer noopener\" href=\"http:\/\/inteross.org\/program\/\" data-type=\"URL\" data-id=\"http:\/\/inteross.org\/program\/\" target=\"_blank\"><strong>4th Workshop on Interoperability and Open-Source Solutions for the Internet of Things (InterOSS, hybrid)<\/strong><\/a><br><br>Room 01-104 (Main Building)<br><br><\/td><\/tr>\n\n<tr><td style=\"border: 2px solid black\">11:00 AM<\/td><td class=\"has-vivid-red-color has-text-color\" colspan=\"2\" align=\"center\"><strong>Coffee break<\/strong><br>Room FOY01-01<\/td><\/tr>\n\n<tr><td style=\"border: 2px solid black\">11:30 AM<\/td><td style=\"border: 2px solid black\" colspan=\"2\"><br><a rel=\"noreferrer noopener\" href=\"http:\/\/inteross.org\/program\/\" data-type=\"URL\" data-id=\"http:\/\/inteross.org\/program\/\" target=\"_blank\"><strong>4th Workshop on Interoperability and Open-Source Solutions for the Internet of Things (InterOSS, hybrid)<\/strong><\/a><br><br>Room 01-104 (Main Building)<br><br><\/td><\/tr>\n\n<tr><td style=\"border: 2px solid black\">1:00 PM<\/td><td style=\"border: 2px solid black\" class=\"has-vivid-red-color has-text-color\" colspan=\"2\" align=\"center\"><strong>Lunch<\/strong><br>Room FOY01-01 (Main Building)<\/td><\/tr>\n\n<tr><td style=\"border: 2px solid black\">2:00 PM<\/td><td style=\"border: 2px solid black\"><a rel=\"noreferrer noopener\" href=\"https:\/\/www.iotbook.org\/\" data-type=\"URL\" data-id=\"https:\/\/www.iotbook.org\/\" target=\"_blank\"><strong>Tutorial: Internet of Things: Concepts and System Design (hybrid)<\/strong><\/a><br><br>Room 01-114 (Main Building)<br><br><\/td>\n\n<td style=\"border: 2px solid black\"><br><p><strong>Doctoral Consortium<\/strong><br><\/p>\nRoom 01-103 (Main Building)<br><br>\n<i>Internet of Things (IoT) and Indoor Air Quality (IAQ) Monitoring in the Health Domain<\/i>\n<br> (Reena John, Rameez Raja Kureshi, Dr Dhavalkumar Thakker and Dr Bhupesh Kumar Mishra)\n<br><br>\n<i>Intervention User Interfaces for the Smart Home<\/i>\n<br>\n(Christopher Lentzsch)\n<br><br>\n<\/td><\/tr>\n\n<tr><td style=\"border: 2px solid black\">3:30 PM<\/td><td class=\"has-vivid-red-color has-text-color\" colspan=\"2\" align=\"center\"><strong>Coffee break<\/strong><br>Room FOY01-01<\/td><\/tr>\n\n<tr><td style=\"border: 2px solid black\">4:00 PM<\/td><td style=\"border: 2px solid black\"><br><a rel=\"noreferrer noopener\" href=\"https:\/\/www.iotbook.org\/\" data-type=\"URL\" data-id=\"https:\/\/www.iotbook.org\/\" target=\"_blank\"><strong>Tutorial: Internet of Things: Concepts and System Design (hybrid)<\/strong><\/a><br><br>Room 01-114 (Main Building)<br><br><\/td><td style=\"border: 2px solid black\"><a rel=\"noreferrer noopener\" href=\"https:\/\/easychair.org\/cfp\/iot-hsa-2021\" data-type=\"URL\" data-id=\"https:\/\/easychair.org\/cfp\/iot-hsa-2021\" target=\"_blank\"><br><strong>Workshop on Internet of Things based Health Services and Applications (IoT HSA, hybrid)<\/strong><\/a><br><br>Room 01-104 (Main Building)<br><br><\/td><\/tr>\n\n<tr><td style=\"border: 2px solid black\">6:00 PM<\/td><td style=\"border: 2px solid black\" colspan=\"2\" align=\"center\">End of Day 1<\/td><\/tr><\/tbody><\/table><\/figure>\n\n\n\n<h2 class=\"wp-block-heading\" id=\"tuesday\">Tuesday (Nov 9)<\/h2>\n\n\n\n<figure class=\"wp-block-table\">\n\n<table style=\"border: 2px solid black\"><tbody>\n\n<tr><td style=\"border: 2px solid black\">Timetable<\/td><td style=\"border: 2px solid black\"><\/td><\/tr>\n\n<tr><td style=\"border: 2px solid black\">8:00 AM<\/td><td style=\"border: 2px solid black\" align=\"center\"><strong>Registration<\/strong><br>Room 02-001 (Aula)<\/td><\/tr>\n\n<tr><td style=\"border: 2px solid black\">9:00 AM<\/td><td><strong>Conference Opening<\/strong><br><br>Room 02-001 (Aula)<\/td><\/tr>\n\n<tr><td style=\"border: 2px solid black\">10:00 AM<\/td><td style=\"border: 2px solid black\"><strong>Keynote (speaker on location):<br><br><a href=\"https:\/\/iot-conference.org\/iot2021\/keynote-speakers\/\">Prof. Dr. Kay R\u00f6mer<br>Towards Indoor GPS<\/a><\/strong><br><br>Room 02-001 (Aula)<\/td><\/tr>\n\n<tr><td style=\"border: 2px solid black\">11:00 AM<\/td><td class=\"has-vivid-red-color has-text-color\" align=\"center\"><strong>Coffee break<\/strong><br>Room FOY01-01<\/td><\/tr>\n\n<tr><td style=\"border: 2px solid black\">11:30 AM<\/td><td style=\"border: 2px solid black\"><p class=\"has-vivid-purple-color has-text-color\"><strong>Paper Session #1: IoT Architectures &amp; Interoperability in IoT (speakers on location)<\/strong><\/p>\nRoom 02-001 (Aula)<br><br>\n<i>HYDRO: Hybrid Orchestration of In-Network Computations for the Internet of Things<\/i><br>\n(Uthra Ambalavanan, Dennis Grewe, Naresh Nayak, Joerg Ott)\n<br>\n<br>\n<i>OPM: An Ontology-Based Package Manager for Building Operating Systems<\/i><br>\n(Jakob Hviid, Aslak Johanssen, Fisayo Caleb Sangogboye, Mikkel Baun Kj\u00e6rgaard)\n<br>\n<br>\n<i>Integrating Multi-Disciplinary Offline and Online Engineering in Industrial Cyber-Physical Systems through DevOps<\/i><br>\n(Iori Mizutani, Ganesh Ramanathan, Simon Mayer)\n<br><br>\n<a href=\"https:\/\/iot-conference.org\/iot2021\/speaker-instructions\/\">Read more<\/a>\n<\/td><\/tr>\n\n<tr><td style=\"border: 2px solid black\">1:00 PM<\/td><td style=\"border: 2px solid black\" class=\"has-vivid-red-color has-text-color\" align=\"center\"><strong>Lunch<\/strong><br>Room FOY01-01<\/td><\/tr>\n\n<tr><td style=\"border: 2px solid black\">2:00 PM<\/td><td style=\"border: 2px solid black\"><p class=\"has-text-color\" style=\"color:#45a471\"><strong>Paper Session #2: IoT Architectures &amp; Interoperability in IoT (speakers online)<\/strong><\/p>\nRoom 02-001 (Aula)\n<br><br>\n<i>An Integrated Platform for Multi-Model Digital Twins<\/i><br>\n(Somayeh Malakuti, Reuben Borrison, Arzam Kotriwala, Benjamin Kloepper, Erik Nordlund, Kristian Ronnberg)\n<br><br>\n<i>An IoT-based Framework for an Optimal Monitoring and Control of Cyber-Physical Systems: Application on Biogas Production System<\/i><br>\n(Mohamed Anis Aguida, Samir Ouchani, Mourad Benmalek)\n<br><br>\n<i>A User-driven Adaptation Approach for Microservice-based IoT Applications<\/i><br>\n(Martina De Sanctis, Henry Muccini, Karthik Vaidhyanathan)\n<br><br>\n<a href=\"https:\/\/iot-conference.org\/iot2021\/speaker-instructions\/\">Read more<\/a>\n<\/td><\/tr>\n\n<tr><td style=\"border: 2px solid black\">3:30 PM<\/td><td style=\"border: 2px solid black\" class=\"has-vivid-red-color has-text-color\" align=\"center\"><strong>Coffee Break<\/strong><br>Room FOY01-01<\/td><\/tr>\n\n<tr><td style=\"border: 2px solid black\">4:00 PM<\/td><td style=\"border: 2px solid black\"><strong>Poster &amp; Demo Madness (15min)<\/strong><br><br>Room 02-001 (Aula)<br><br><br><strong>Poster &amp; Demo Session<\/strong> (with drinks)\n<br><br>\n<i>Testbed in Wireless City Mesh Network with Application to Federated Learning Experiments<\/i><br>\n(Felix Freitag, Pedro Vilchez, Lu Wei, Chung-Hung Liu and Mennan Selimi)\n<br><br>\n<i>Smart Waste Disposal with Edge-Cloud Continuum Architecture<\/i><br>\n(Josef Spillner, Mengwei Liu and Peng Zhan)\n<br><br>\n<i>Air Quality &#8211; Smart Cities with IoT-ENabled Citizen Engagement Approach<\/i><br>\n(Rameez Raja Kureshi, Dhavalkumar Thakker, Bhupesh Kumar Mishra and Reena John)\n<br><br>\n<i>Safe Gate \u2013 IoT system to support sanitary measures to combat COVID-19<\/i><br>\n(Gabriel de Almeida Souza, Gustavo de Carvalho Bertoli, Guilherme Torres Ferreira, J\u00falio C\u00e9sar Leit\u00e3o A. de Farias and Cecilia A. C. Cesar)\n<br><br>\n<i>An Exploration Into Tracking the Use of Consumer Goods with RFID<\/i><br>\n(Gustavo Berumen, Anthony Brown, Martin Baumers and Joel E. Fischer)\n<br><br>\n<i>Micro-Activities Recognition and Macro Worksteps Classification for Industrial IoT Processes<\/i><br>\n(Georgios Sopidis, Abdelrahman Ahmad, Michael Haslgr\u00fcbler and Alois Ferscha)\n<br><br>\n<i>Interaction Qualities For Interactions With, Between, And Through IoT Devices<\/i><br>\n(Albrecht Kurze)\n<br><br>\n<a href=\"https:\/\/iot-conference.org\/iot2021\/speaker-instructions\/\">Read more<\/a><\/td><\/tr>\n\n<tr><td style=\"border: 2px solid black\">7:00 PM<\/td><td style=\"border: 2px solid black\"><strong>Conference Dinner at <a href=\"https:\/\/www.militaerkantine.ch\/en\/\">Milit\u00e4rkantine St.Gallen<\/a><\/strong><br>7:00 PM (arrival)<br>7:30 PM (dinner)<br><br><a href=\"https:\/\/goo.gl\/maps\/a6YQoRegFfG4N2iR9\" target=\"_new\" rel=\"noopener\">Directions (walking)<\/a><br><a href=\"https:\/\/goo.gl\/maps\/Vkb1n1KajC3Gei1g6\" target=\"_new\" rel=\"noopener\">Directions (public transport)<\/a><br><\/td><\/tr>\n\n<\/tbody><\/table><\/figure>\n\n\n\n<h2 class=\"wp-block-heading\" id=\"wednesday\">Wednesday (Nov 10)<\/h2>\n\n\n\n<figure class=\"wp-block-table\">\n\n<table style=\"border: 2px solid black\"><tbody>\n\n<tr><td style=\"border: 2px solid black\">Timetable<\/td><td style=\"border: 2px solid black\"><\/td><\/tr>\n\n<tr><td style=\"border: 2px solid black\">8:00 AM<\/td><td style=\"border: 2px solid black\" align=\"center\"><strong>Registration<\/strong><br>Room 02-001 (Aula)<\/td><\/tr>\n\n<tr><td style=\"border: 2px solid black\">9:00 AM<\/td><td style=\"border: 2px solid black\"><p class=\"has-text-color\" style=\"color:#45a471\"><strong>Paper Session #3: Energy Efficiency in IoT &amp; Interoperability in IoT (speakers online)<\/strong><\/p>\nRoom 02-001 (Aula)<br><br>\n<i>Improving efficiency of RF energy harvesting in wearable IoT applications<\/i><br>\n(Juan-Manuel Lopez-Garde, Jon Legarda-Macon, Ruben Del-Rio-Ruinz)\n<br><br>\n<i>On-site Online Condition Monitoring of Medium-Voltage Switchgear Units<\/i><br>\n(Christina Nicolaou, Ahmad Mansour, Kristof Van Laerhoven)\n<br><br>\n<i>Business Process Models for Analysis of Industrial IoT Applications<\/i><br>\n(Ajay Krishna, Gwen Sala\u00fcn)\n<br><br>\n<a href=\"https:\/\/iot-conference.org\/iot2021\/speaker-instructions\/\">Read more<\/a>\n<\/td><\/tr>\n\n<tr><td style=\"border: 2px solid black\">11:00 AM<\/td><td style=\"border: 2px solid black\" class=\"has-vivid-red-color has-text-color\" align=\"center\"><strong>Coffee break<\/strong><br>Room FOY01-01<\/td><\/tr>\n\n<tr><td style=\"border: 2px solid black\">11:30 AM<\/td><td style=\"border: 2px solid black\"><p class=\"has-vivid-purple-color has-text-color\"><strong>Paper Session #4: Interoperability in IoT &amp; IoT Impact (speakers on location)<\/strong><\/p>\nRoom 02-001 (Aula)<br><br>\n<i>Service Portability and Information Discovery in Building Operating Systems using Semantic Modeling<\/i><br>\n(Jakob Hviid, Aslak Johansen, Gabe Fierro, Mikkel Baun Kj\u00e6rgaard)\n<br><br>\n<i>Interoperability vs. Tradition: Benefits and Challenges of Web of Things in Building Automation<\/i><br>\n(Ganesh Ramanathan, Maria Husmann, Simon Mayer)\n<br><br>\n<i>Life cycle assessment of an Internet of Things product: Environmental impact of an intelligent smoke detector<\/i><br>\n(Oliver Manz, Sonja Meyer, Corinna Baumgartner)\n<br><br>\n<a href=\"https:\/\/iot-conference.org\/iot2021\/speaker-instructions\/\">Read more<\/a>\n<\/td><\/tr>\n\n<tr><td style=\"border: 2px solid black\">1:00 PM<\/td><td style=\"border: 2px solid black\" class=\"has-vivid-red-color has-text-color\" align=\"center\"><strong>Lunch<\/strong><br>Room FOY01-01<\/td><\/tr>\n\n<tr><td style=\"border: 2px solid black\">2:00 PM<\/td><td style=\"border: 2px solid black\"><p class=\"has-text-color\" style=\"color:#45a471\"><strong>Paper Session #5: AI and Machine Learning for the IoT (speakers online)<\/strong><\/p>\nRoom 02-001 (Aula)<br><br>\n<i>A Predictive Authorization Approach for IoT Environments<\/i><br>\n(Andrew Blower, Gerald Kotonya)\n<br><br>\n<i>Is it Nemo or Dory? Fast and accurate object detection for IoT and edge devices<\/i><br>\n(Sudhanshu Agarwal, Richard Vuduc)\n<br><br>\n<i>Using Dynamic Perceptually Important Points for Data Reduction in IoT<\/i><br>\n(Taimur Hafeez, Gavin McArdle)\n<br><br>\n<a href=\"https:\/\/iot-conference.org\/iot2021\/speaker-instructions\/\">Read more<\/a>\n<\/td><\/tr>\n\n<tr><td style=\"border: 2px solid black\">3:30 PM<\/td><td style=\"border: 2px solid black\" class=\"has-vivid-red-color has-text-color\" align=\"center\"><strong>Coffee Break<\/strong><br>Room FOY01-01<\/td><\/tr>\n\n<tr><td style=\"border: 2px solid black\">4:00 PM<\/td><td style=\"border: 2px solid black\" rowspan=\"1\"><br><a href=\"https:\/\/iot-conference.org\/iot2021\/keynote-speakers\/\"><strong>Keynote (speaker online): Prof. Dr. Sanjay Sarma<\/strong><\/a><br><br>Room 02-001 (Aula)<br><br>\n<\/td><\/tr>\n\n<tr><td style=\"border: 2px solid black\">5:30 PM<\/td><td style=\"border: 2px solid black\"><strong>Poster &amp; Demo Session<\/strong> (with finger food and drinks)\n<br><br>Room 02-001 (Aula)\n<br><br>\n<i>Energy Management in Off-grid Homes by Forecasting<\/i><br>\n(Daniel Hofer and Karin Anna Hummel)\n<br><br>\n<i>IOT as enabler of workers\u2019 stress detection in manufacturing systems of the future<\/i><br>\n(Amer Kajmakovic, Samuel Manfredi, Markus Brillinger and Dominik Leder)\n<br><br>\n<i>Web of Things in Building Automation<\/i><br>\n(Ganesh Ramanathan, Maria Husmann and Simon Mayer)\n<br><br>\n<i>Towards Explaining the Effects of Contextual Influences on Cyber-Physical Systems<\/i><br>\n(Sanjiv S. Jha, Simon Mayer and Kimberly Garc\u00eda)\n<br><br>\n<i>Physical Unclonable Functions for IoT Security using Free Software<\/i><br>\n(Arnaud Durand and Jacques Pasquier)\n<br><br>\n<i>Design and Implementation of an Open-Source NB-IoT Core Network<\/i><br>\n(Panagiotis Tzimotoudis, Nikos Makris and Thanasis Korakis)\n<\/td><\/tr>\n\n<\/tbody><\/table><\/figure>\n\n\n\n<h2 class=\"wp-block-heading\" id=\"thursday\">Thursday (Nov 11)<\/h2>\n\n\n\n<figure class=\"wp-block-table\">\n\n<table style=\"border: 2px solid black\"><tbody>\n\n<tr><td style=\"border: 2px solid black\">Timetable<\/td><td><\/td><\/tr>\n\n<tr><td style=\"border: 2px solid black\">8:00 AM<\/td><td style=\"border: 2px solid black\" align=\"center\"><strong>Registration<\/strong><br>Room 02-001 (Aula)<\/td><\/tr>\n\n<tr><td style=\"border: 2px solid black\">9:30 AM<\/td><td style=\"border: 2px solid black\"><p class=\"has-vivid-purple-color has-text-color\"><strong>Paper Session #6: AI and Security for the IoT (speakers on location)<\/strong><\/p>\nRoom 01-011 (Main Building)<br><br>\n<i>An Expert Digital Companion for Working Environments<\/i><br>\n(Janick Spirig, Kimberly Garcia, Simon Mayer)\n<br><br>\n<i>NURSE: eNd-UseR IoT malware detection tool for Smart homEs<\/i><br>\n(Antoine d&#8217;Estalenx, Carlos Ganan)\n<br><br>\n<a href=\"https:\/\/iot-conference.org\/iot2021\/speaker-instructions\/\">Read more<\/a>\n<\/td><\/tr>\n\n<tr><td style=\"border: 2px solid black\">10:30 AM<\/td><td style=\"border: 2px solid black\" class=\"has-vivid-red-color has-text-color\" align=\"center\"><strong>Coffee break<\/strong><br>Room FOY01-01<\/td><\/tr>\n\n<tr><td style=\"border: 2px solid black\">11:00 AM<\/td><td style=\"border: 2px solid black\"><p class=\"has-text-color\" style=\"color:#45a471\"><strong>Paper Session #7: AI and Privacy for the IoT (speakers online)<\/strong><\/p>\nRoom 01-011 (Main Building)<br><br>\n<i>Privacy Preserving Workflow Detection for Manufacturing Using Neural Networks based Object Detection<\/i><br>\n(Abdelrahman Ahmad, Michael Haslgr\u00fcbler, Alois Ferscha, Behrooz Azadin, Georgios Sopidis)\n<br><br>\n<i>Task Offloading in Autonomous IoT Systems using Deep Reinforcement Learning and ns3-gym<\/i><br>\n(Abdel Kader Chabi Sika Boni, Hassan Hassan, Khalil Drira)\n<br><br>\n<i>Addressing Worker Safety and Accident Prevention with AI<\/i><br>\n(Jaroslava Huber, Michael Haslgr\u00fcbler, Martin Schobesberger, Alois Ferscha, Viktorijo Malisa, Georg Effenberger)\n<br><br>\n<i>A System for Efficient Path Planning and Target Assignment for Robotic Swarms in Agriculture<\/i><br>\n(Jochem Postmes, Nicol\u00f2 Botteghi, Beril Sirmacek, Andreas Kamilaris)\n<br><br>\n<a href=\"https:\/\/iot-conference.org\/iot2021\/speaker-instructions\/\">Read more<\/a>\n<\/td><\/tr>\n\n<tr><td style=\"border: 2px solid black\">1:00 PM<\/td><td style=\"border: 2px solid black\" class=\"has-vivid-red-color has-text-color\" align=\"center\"><strong>Lunch<\/strong><br>Room FOY01-01<\/td><\/tr>\n\n<tr><td style=\"border: 2px solid black\">2:00 PM<\/td><td style=\"border: 2px solid black\"><strong>Conference Closing<\/strong> (Best Paper\/Poster\/Demo Awards)<br><br>Room 01-011 (Main Building)<br><\/td><\/tr>\n\n<\/tbody><\/table><\/figure>\n\n\n\n<p><\/p>\n","protected":false},"excerpt":{"rendered":"<p>IoT 2021 took place from Tuesday (Nov 9) until Thursday (Nov 11) and featured a (parallel) Workshops \/ Tutorials \/ Doctoral Consortium Day on Monday (Nov 8). The main program &#8230;<\/p>\n","protected":false},"author":6,"featured_media":0,"parent":0,"menu_order":0,"comment_status":"closed","ping_status":"closed","template":"","meta":{"footnotes":""},"class_list":["post-1013","page","type-page","status-publish","hentry"],"_links":{"self":[{"href":"https:\/\/iot-conference.org\/iot2021\/wp-json\/wp\/v2\/pages\/1013","targetHints":{"allow":["GET"]}}],"collection":[{"href":"https:\/\/iot-conference.org\/iot2021\/wp-json\/wp\/v2\/pages"}],"about":[{"href":"https:\/\/iot-conference.org\/iot2021\/wp-json\/wp\/v2\/types\/page"}],"author":[{"embeddable":true,"href":"https:\/\/iot-conference.org\/iot2021\/wp-json\/wp\/v2\/users\/6"}],"replies":[{"embeddable":true,"href":"https:\/\/iot-conference.org\/iot2021\/wp-json\/wp\/v2\/comments?post=1013"}],"version-history":[{"count":71,"href":"https:\/\/iot-conference.org\/iot2021\/wp-json\/wp\/v2\/pages\/1013\/revisions"}],"predecessor-version":[{"id":1404,"href":"https:\/\/iot-conference.org\/iot2021\/wp-json\/wp\/v2\/pages\/1013\/revisions\/1404"}],"wp:attachment":[{"href":"https:\/\/iot-conference.org\/iot2021\/wp-json\/wp\/v2\/media?parent=1013"}],"curies":[{"name":"wp","href":"https:\/\/api.w.org\/{rel}","templated":true}]}}