{"id":63,"date":"2021-01-25T14:16:35","date_gmt":"2021-01-25T14:16:35","guid":{"rendered":"https:\/\/iot-conference.org\/iot2021\/?page_id=63"},"modified":"2021-11-30T13:40:25","modified_gmt":"2021-11-30T13:40:25","slug":"committees","status":"publish","type":"page","link":"https:\/\/iot-conference.org\/iot2021\/committees\/","title":{"rendered":"Committees"},"content":{"rendered":"\n<p><strong>General Chairs<\/strong><br><a href=\"mailto:simon.mayer@unisg.ch\">Simon Mayer<\/a> <a href=\"http:\/\/interactions.ics.unisg.ch\/\">(University of St.Gallen)<\/a><br><a href=\"mailto:barbara.weber@unisg.ch\" data-type=\"mailto\" data-id=\"mailto:barbara.weber@unisg.ch\">Barbara Weber<\/a> <a href=\"https:\/\/ics.unisg.ch\/chair-se-weber\">(University of St.Gallen)<\/a><\/p>\n\n\n\n<p><strong>Technical Program Chairs<\/strong><br><a href=\"mailto:dcasado@deusto.es\" data-type=\"mailto\" data-id=\"mailto:dcasado@deusto.es\">Diego Casado Mansilla<\/a> <a href=\"https:\/\/morelab.deusto.es\/people\/members\/diego-casado-mansilla\/\">(University of Deusto)<\/a><br><a href=\"mailto:kimberly.garcia@unisg.ch\" data-type=\"mailto\" data-id=\"mailto:kimberly.garcia@unisg.ch\">Kimberly Garcia<\/a><a href=\"http:\/\/interactions.ics.unisg.ch\/\"> (University of St.Gallen)<\/a><br><a href=\"mailto:f_benhamida@esi.dz\">Fatima Zohra Benhamida<\/a><a href=\"https:\/\/www.esi.dz\/\"> <\/a><a href=\"https:\/\/www.esi.dz\/\">(Ecole Nationale Sup\u00e9rieure d&#8217;Informatique)<\/a><\/p>\n\n\n\n<p><strong>Workshop Chairs<\/strong><br><a href=\"mailto:ronny.seiger@unisg.ch\" data-type=\"mailto\" data-id=\"mailto:ronny.seiger@unisg.ch\">Ronny Seiger<\/a> <a href=\"https:\/\/ics.unisg.ch\/chair-se-weber\">(University of St.Gallen)<\/a><br><a href=\"mailto:andres.gomez@unisg.ch\" data-type=\"mailto\" data-id=\"mailto:andres.gomez@unisg.ch\">Andres Gomez<\/a> <a href=\"http:\/\/interactions.ics.unisg.ch\/\">(University of St.Gallen)<\/a><\/p>\n\n\n\n<p><strong>Demo and Poster Chairs<\/strong><br><a href=\"mailto:kdiwold@tugraz.at\" data-type=\"mailto\" data-id=\"mailto:kdiwold@tugraz.at\">Konrad Diwold<\/a> <a href=\"https:\/\/pro2future.at\/team\/konrad-diwold\/\">(Graz University of Technology and Pro2Future GmbH)<\/a><br><a href=\"mailto:pascal.weisenburger@unisg.ch\" data-type=\"URL\">Pascal Weisenburger<\/a> <a href=\"http:\/\/programming-group.com\/members\/weisenburger\" data-type=\"URL\" data-id=\"http:\/\/programming-group.com\/members\/weisenburger\">(University of St.Gallen)<\/a><\/p>\n\n\n\n<p><strong>Doctoral Colloquium Chairs<\/strong><br><a href=\"mailto:florian.michahelles@tuwien.ac.at\" data-type=\"mailto\" data-id=\"mailto:florian.michahelles@tuwien.ac.at\">Florian Michahelles<\/a> <a href=\"https:\/\/informatics.tuwien.ac.at\/people\/florian-michahelles\">(Vienna University of Technology)<\/a><br><a href=\"mailto:cesare.pautasso@usi.ch\" data-type=\"mailto\" data-id=\"mailto:cesare.pautasso@usi.ch\">Cesare Pautasso<\/a> <a href=\"http:\/\/www.pautasso.info\/\">(University of Lugano)<\/a><\/p>\n\n\n\n<p><strong>Local Arrangements Chair<\/strong><br><a href=\"mailto:sanjiv.jha@unisg.ch\" data-type=\"mailto\">Sanjiv Jha<\/a> <a href=\"http:\/\/interactions.ics.unisg.ch\/\">(University of St.Gallen)<\/a><br><a href=\"mailto:kenan.bektas@unisg.ch\">Bektas Kenan<\/a> <a href=\"http:\/\/interactions.ics.unisg.ch\/\">(University of St.Gallen)<\/a><\/p>\n\n\n\n<p><strong>Web Chair<\/strong><br><a href=\"mailto:janliam.albert@unisg.ch\" data-type=\"mailto\" data-id=\"mailto:janliam.albert@unisg.ch\">Jan Albert<\/a> <a href=\"http:\/\/interactions.ics.unisg.ch\/\">(University of St.Gallen)<\/a><\/p>\n\n\n\n<p><strong>Program Committee<\/strong><br>Mihai B\u00e2ce (University of Stuttgart)<br>Michael Beigl (TECO, Pervasive Computing Systems, KIT)<br>Rahul Bhattacharyya (Massachusetts Institute of Technology)<br>Olivier Boissier (Mines Saint-Etienne, Institut Henri Fayol, Laboratoire Hubert Curien UMR CNRS 5516)<br>David Boyle (Imperial College)<br>Liming Luke Chen (De Montfort University)<br>Andrea Cimmino Arriaga (Universidad Polit\u00e9cnica de Madrid)<br>Andrei Ciortea (University of St. Gallen)<br>Paul Davidsson (Malm\u00f6 University)<br>Luca Davoli (University of Parma)<br>Giuseppe Di Modica (University of Bologna)<br>Vaggelis Giannikas (University of Bath)<br>Oihane Gomez-Carmona (University of Deusto)<br>Karin Anna Hummel (JKU Linz)<br>T\u00e2m Huynh (T-Systems International GmbH)<br>Dimosthenis Ioannidis (CERTH\/ITI)<br>Stamatis Karnouskos (SAP)<br>Wolfgang Kastner (Vienna University of Technology)<br>Zaheer Khan (University of the West of England)<br>Roman Kolcun (University of Cambridge)<br>Matthias Kovatsch (Huawei Technologies)<br>Frank Alexander Kraemer (Norwegian University of Science and Technology)<br>Stelios Krinidis (Information Technologies Institute)<br>Kai Kunze (Keio University)<br>Mikel Larrea (University of the Basque Country UPV\/EHU)<br>Maurizio Leotta (Universit\u00e0 di Genova)<br>Marino Linaje (Universidad de Extremadura)<br>Lionel M\u00e9dini (LIRIS lab. \/ University of Lyon)<br>Saraju Mohanty (University of North Texas)<br>Benmalek Mourad (Ecole nationale Sup\u00e9rieure d&#8217;Informatique)<br>Jin Nakazawa (Keio University)<br>Joan Navarro (La Salle URL)<br>Yuuki Nishiyama (The University of Tokyo)<br>Jacques Pasquier (Dept. of Computer Science, University of Fribourg)<br>Luigi Patrono (Dept. of Innovation Engineering, University of Salento)<br>Till Riedel (TecO, Karlsruhe Institute of Technology (KIT))<br>Gianluca Rizzo (HES SO Valais)<br>Kay Roemer (TU Graz)<br>Petar \u0160oli\u0107 (University of Split, FESB)<br>Romina Spalazzese (Malm\u00f6 University)<br>Muhammad Atif Tahir (School of Computer Science, National University of Computer and Emerging Sciences)<br>Akira Uchiyama (Osaka University)<br>Aitor Urbieta (IK4-Ikerlan Technology Research Centre)<br>Kristof Van Laerhoven (University of Siegen)<br>Juan-Ignacio Vazquez (Universidad de Deusto)<br>Bahtijar Vogel (Department of Computer Science, Malm\u00f6 University)<br>Felix Wortmann (University of St.Gallen)<\/p>\n\n\n\n<p><\/p>\n\n\n\n<p><\/p>\n\n\n\n<p><br> <\/p>\n","protected":false},"excerpt":{"rendered":"<p>General ChairsSimon Mayer (University of St.Gallen)Barbara Weber (University of St.Gallen) Technical Program ChairsDiego Casado Mansilla (University of Deusto)Kimberly Garcia (University of St.Gallen)Fatima Zohra Benhamida (Ecole Nationale Sup\u00e9rieure d&#8217;Informatique) Workshop ChairsRonny &#8230;<\/p>\n","protected":false},"author":6,"featured_media":0,"parent":0,"menu_order":0,"comment_status":"closed","ping_status":"closed","template":"","meta":{"footnotes":""},"class_list":["post-63","page","type-page","status-publish","hentry"],"_links":{"self":[{"href":"https:\/\/iot-conference.org\/iot2021\/wp-json\/wp\/v2\/pages\/63","targetHints":{"allow":["GET"]}}],"collection":[{"href":"https:\/\/iot-conference.org\/iot2021\/wp-json\/wp\/v2\/pages"}],"about":[{"href":"https:\/\/iot-conference.org\/iot2021\/wp-json\/wp\/v2\/types\/page"}],"author":[{"embeddable":true,"href":"https:\/\/iot-conference.org\/iot2021\/wp-json\/wp\/v2\/users\/6"}],"replies":[{"embeddable":true,"href":"https:\/\/iot-conference.org\/iot2021\/wp-json\/wp\/v2\/comments?post=63"}],"version-history":[{"count":19,"href":"https:\/\/iot-conference.org\/iot2021\/wp-json\/wp\/v2\/pages\/63\/revisions"}],"predecessor-version":[{"id":1132,"href":"https:\/\/iot-conference.org\/iot2021\/wp-json\/wp\/v2\/pages\/63\/revisions\/1132"}],"wp:attachment":[{"href":"https:\/\/iot-conference.org\/iot2021\/wp-json\/wp\/v2\/media?parent=63"}],"curies":[{"name":"wp","href":"https:\/\/api.w.org\/{rel}","templated":true}]}}