{"id":254,"date":"2025-10-23T15:09:11","date_gmt":"2025-10-23T15:09:11","guid":{"rendered":"https:\/\/iot-conference.org\/iot2025\/?page_id=254"},"modified":"2025-11-21T10:00:37","modified_gmt":"2025-11-21T10:00:37","slug":"conference-program","status":"publish","type":"page","link":"https:\/\/iot-conference.org\/iot2025\/conference-program\/","title":{"rendered":"Conference Program"},"content":{"rendered":"\n<figure class=\"wp-block-table\"><table class=\"has-fixed-layout\"><tbody><tr><td class=\"has-text-align-center\" data-align=\"center\" colspan=\"2\"><strong>Nov 19th<\/strong><\/td><\/tr><tr><td class=\"has-text-align-center\" data-align=\"center\"><strong>Time<\/strong><\/td><td class=\"has-text-align-center\" data-align=\"center\"><strong>Activity<\/strong><\/td><\/tr><tr><td class=\"has-text-align-center\" data-align=\"center\">08:30-09:00<\/td><td class=\"has-text-align-center\" data-align=\"center\">Registration<\/td><\/tr><tr><td class=\"has-text-align-center\" data-align=\"center\">09:00-09:30<\/td><td class=\"has-text-align-center\" data-align=\"center\">Opening Ceremony (Welcome from TU Vienna \/ Conference Stats \/ Social Program)<\/td><\/tr><tr><td class=\"has-text-align-center\" data-align=\"center\">09:30-10:30<\/td><td class=\"has-text-align-center\" data-align=\"center\">Keynote 1<\/td><\/tr><tr><td class=\"has-text-align-center\" data-align=\"center\">10:30-11:00<\/td><td class=\"has-text-align-center\" data-align=\"center\">Coffee Break<\/td><\/tr><tr><td class=\"has-text-align-center\" data-align=\"center\">11:00-12:30<\/td><td class=\"has-text-align-center\" data-align=\"center\">Session 1 (4 papers) &#8211; Edge AI and Distributed Intelligence (Part I)<\/td><\/tr><tr><td class=\"has-text-align-center\" data-align=\"center\">12:30-14:00<\/td><td class=\"has-text-align-center\" data-align=\"center\">Lunch<\/td><\/tr><tr><td class=\"has-text-align-center\" data-align=\"center\">14:00-15:30<\/td><td class=\"has-text-align-center\" data-align=\"center\">Session 2 (4 papers) &#8211; Edge AI and Distributed Intelligence (Part II)<\/td><\/tr><tr><td class=\"has-text-align-center\" data-align=\"center\">15:30-16:00<\/td><td class=\"has-text-align-center\" data-align=\"center\">Coffee Break<\/td><\/tr><tr><td class=\"has-text-align-center\" data-align=\"center\">16:00-17:30<\/td><td class=\"has-text-align-center\" data-align=\"center\">Session 3 (4 papers) &#8211; IoT Security, Risk, and Resilience<\/td><\/tr><tr><td class=\"has-text-align-center\" data-align=\"center\" colspan=\"2\"><strong>Nov 20th<\/strong><\/td><\/tr><tr><td class=\"has-text-align-center\" data-align=\"center\"><strong>Time<\/strong><\/td><td class=\"has-text-align-center\" data-align=\"center\"><strong>Activity<\/strong><\/td><\/tr><tr><td class=\"has-text-align-center\" data-align=\"center\">08:30-09:00<\/td><td class=\"has-text-align-center\" data-align=\"center\">Registration<\/td><\/tr><tr><td class=\"has-text-align-center\" data-align=\"center\">09:00-10:00<\/td><td class=\"has-text-align-center\" data-align=\"center\">Keynote 2<\/td><\/tr><tr><td class=\"has-text-align-center\" data-align=\"center\">10:00-10:30<\/td><td class=\"has-text-align-center\" data-align=\"center\">Coffee Break<\/td><\/tr><tr><td class=\"has-text-align-center\" data-align=\"center\">10:30-12:00<\/td><td class=\"has-text-align-center\" data-align=\"center\">Session 4 (4 papers) &#8211; Digital Twins and Predictive Systems<\/td><\/tr><tr><td class=\"has-text-align-center\" data-align=\"center\">12:00-13:30<\/td><td class=\"has-text-align-center\" data-align=\"center\">Lunch<\/td><\/tr><tr><td class=\"has-text-align-center\" data-align=\"center\">13:30-15:00<\/td><td class=\"has-text-align-center\" data-align=\"center\">Session 5 (4 papers) &#8211; IoT Architectures, Computing Paradigms, and Interoperability<\/td><\/tr><tr><td class=\"has-text-align-center\" data-align=\"center\">15:00-15:30<\/td><td class=\"has-text-align-center\" data-align=\"center\">Coffee Break<\/td><\/tr><tr><td class=\"has-text-align-center\" data-align=\"center\">15:30-17:00<\/td><td class=\"has-text-align-center\" data-align=\"center\">Poster session<\/td><\/tr><tr><td class=\"has-text-align-center\" data-align=\"center\">19:30-22:30<\/td><td class=\"has-text-align-center\" data-align=\"center\">Gala Dinner<\/td><\/tr><tr><td class=\"has-text-align-center\" data-align=\"center\" colspan=\"2\"><strong>Nov 21st<\/strong><\/td><\/tr><tr><td class=\"has-text-align-center\" data-align=\"center\"><strong>Time<\/strong><\/td><td class=\"has-text-align-center\" data-align=\"center\"><strong>Activity<\/strong><\/td><\/tr><tr><td class=\"has-text-align-center\" data-align=\"center\">09:00-09:30<\/td><td class=\"has-text-align-center\" data-align=\"center\">Registration<\/td><\/tr><tr><td class=\"has-text-align-center\" data-align=\"center\">09:30-10:30<\/td><td class=\"has-text-align-center\" data-align=\"center\">Session 6 (3 papers) &#8211; Sustainability and IoT for Energy and Environment<\/td><\/tr><tr><td class=\"has-text-align-center\" data-align=\"center\">10:30-11:00<\/td><td class=\"has-text-align-center\" data-align=\"center\">Coffee Break<\/td><\/tr><tr><td class=\"has-text-align-center\" data-align=\"center\">11:00-12:00<\/td><td class=\"has-text-align-center\" data-align=\"center\">Session 7 (3 papers) &#8211; IoT Systems Benchmarking, Evaluation, and Analytics<\/td><\/tr><tr><td class=\"has-text-align-center\" data-align=\"center\">12:00-13:30<\/td><td class=\"has-text-align-center\" data-align=\"center\">Lunch<\/td><\/tr><tr><td class=\"has-text-align-center\" data-align=\"center\">13:30-15:00<\/td><td class=\"has-text-align-center\" data-align=\"center\">Session 8 (4 papers) &#8211; Human Interaction and IoT Interfaces<\/td><\/tr><tr><td class=\"has-text-align-center\" data-align=\"center\">15:00-15:30<\/td><td class=\"has-text-align-center\" data-align=\"center\">Coffee Break<\/td><\/tr><tr><td class=\"has-text-align-center\" data-align=\"center\">15:30-16:30<\/td><td class=\"has-text-align-center\" data-align=\"center\">Closing Keynote<\/td><\/tr><tr><td class=\"has-text-align-center\" data-align=\"center\">16:30<\/td><td class=\"has-text-align-center\" data-align=\"center\">Closing Ceremony<\/td><\/tr><\/tbody><\/table><\/figure>\n\n\n\n<p><\/p>\n\n\n\n<h2 class=\"wp-block-heading\">Session Program<\/h2>\n\n\n\n<figure class=\"wp-block-table\"><table class=\"has-fixed-layout\"><tbody><tr><td><strong>Session<\/strong><\/td><td><strong>Title (Topic)<\/strong><\/td><td><strong>Papers<\/strong><\/td><\/tr><tr><td rowspan=\"4\">S1<\/td><td rowspan=\"4\"><strong>Edge AI and Distributed Intelligence <\/strong>(Part I)<br><br>Chair: <strong>Reza Farahani<\/strong><\/td><td>15. <em>Real-Time Edge Intelligence in UAV for Search-and-Rescue: Onboard Energy-Efficient Video Summarisation with Reduced Data Transmission<\/em><br>Chidike Vincent, Laurence Hirsch, Najam Ul Hasan, Caren Crizben Ezlin Fernandes, Adriana Crainic, Jonathan Zasada-James and James Baldwin <br><strong>(Best Paper Candidate)<\/strong><\/td><\/tr><tr><td>23. <em>Distributed Computing with Language Models at the Edge: A Framework and Prototype<\/em><br>Dinesh Kumar Karthikeyan, Roopesh Kumar Shanmugasundaram, Anna-Sofia Paavonen, Tommi Mikkonen, Niko M\u00e4kitalo and Ronny Seiger<\/td><\/tr><tr><td>59. <em>PEPPER: Profiling-based Edge Placement and Partitioning for Deep Learning Execution<\/em><br>Ioannis Korontanis, Ioannis Kontopoulos, Athina Zacharia, Antonios Makris, Christos Chronis, Maria Pateraki, Konstantinos Tserpes and Iraklis Varlamis<\/td><\/tr><tr><td>72. <em>Currus &#8211; A Compound AI Approach to Distributed Vehicle Trajectory Reconstruction in the Edge-Cloud<\/em><br>Manuel Can Kaya, Thomas Werner Pusztai, Andrija Stanisic and Stefan Nastic<\/td><\/tr><tr><td rowspan=\"4\">S2<\/td><td rowspan=\"4\"><strong>Edge AI and Distributed Intelligence <\/strong>(Part II)<br><br>Chair: <strong>Ali Kadhum Idrees<\/strong><\/td><td>65. <em>Towards an Energy-Efficient and Sustainable IIoT using Embedded Neuromorphic AI<\/em><br>Behrooz Azadi, Bernhard Anzengruber-Tanase, Georgios Sopidis, Michael Haslgr\u00fcbler and Alois Ferscha<\/td><\/tr><tr><td>70. <em>Transformers-as-a-Jury: Mimicking LLM-as-a-Judge Text Evaluation on Resource Constrained Devices<\/em><br>Elisha Elikem Kofi Senoo, Lia Anggraini, Israel Rodrigues Soares, Thanda Shwe, Israel Mendon\u00e7a dos Santos and Masayoshi Aritsugi<\/td><\/tr><tr><td>42. <em>Compare Transformer, KAN and KANsformer for Weather Nowcasting on IoT Devices in the Mediterrean Area<\/em><br>Marco Giacobbe, Lorenzo Carnevale and Massimo Villari<\/td><\/tr><tr><td>26. <em>An Edge\u2013Cloud Collaborative System for Infrared Video Resolution Enhancement in Sensor-Limited IoT Monitoring<\/em><br>Menghan Li, Sheng Lu, Jinhua Li, Yaqi Chen and Jun Han<\/td><\/tr><tr><td rowspan=\"4\">S3<\/td><td rowspan=\"4\"><strong>IoT Security, Risk, and Resilience<\/strong><br><br>Chair: <strong>Santosh Nagaraj<\/strong><\/td><td>14. <em>Physics-Augmented Autoencoder-Based Cyber-Attack Detection for Water Infrastructure<\/em><br>Katarina Petrovic, Branka Stojanovic and Olga Saukh<\/td><\/tr><tr><td>21. <em>A Meta Model for Automated Security Assessment of Internet of Things Devices<\/em><br>Christoph Egger, Matthias Janetschek, Martin Nocker, Florian Merkle and Pascal Sch\u00f6ttle<\/td><\/tr><tr><td>24. <em>UniBOM \u2013 A Unified SBOM Analysis and Visualisation Tool for IoT Systems and Beyond<\/em><br>Vadim Safronov, Ionut Bostan, Nick Allott and Andrew Martin<\/td><\/tr><tr><td>46. <em>On the cybersecurity of LoRaWAN-based system: a Smart-Lighting case study<\/em><br>Florian Hofer and Barbara Russo<\/td><\/tr><tr><td rowspan=\"4\">S4<\/td><td rowspan=\"4\"><strong>Digital Twins and Predictive Systems<\/strong><br><br>Chair: <strong>Matthias Janetschek<\/strong><\/td><td>56. <em>Active Inference for Digital Twins: Predicting and Optimizing IoT Processing Service Performance<\/em><br>Elena Pretel, Boris Sedlak, V\u00edctor Casamayor-Pujol, Elena Navarro, V\u00edctor L\u00f3pez-Jaquero, Pascual Gonz\u00e1lez and Schahram Dustdar<br><strong>(Best Paper Candidate)<\/strong><\/td><\/tr><tr><td>10. <em>Towards Multimodal Digital Twin Environments for Automotive Applications<\/em><br>Aleksi Vuorinen, Mikko M\u00e4kitalo and Ella Peltonen<\/td><\/tr><tr><td>34. <em>Lumos: Performance Characterization of WebAssembly as a Serverless Runtime in the Edge-Cloud Continuum<\/em><br>Cynthia Marcelino, Noah Krennmair, Thomas Werner Pusztai and Stefan Nastic<\/td><\/tr><tr><td>48. <em>Unlocking AIoT Efficiency in the Computing Continuum &#8211; the PANDORA framework<\/em><br>Georgios Bouloukakis, Ajay Kattepur, Dusan Jakovetic, Alexandros Iosifidis, Konstantinos Tserpes and Maria Pateraki<\/td><\/tr><tr><td rowspan=\"4\">S5<\/td><td rowspan=\"4\"><strong>IoT Architectures, Computing Paradigms, and Interoperability<\/strong><br><br>Chair: <strong>Lorenzo Carnevale<\/strong><\/td><td>6. <em>Leveraging Kubernetes at MEC for Vehicular CAN Bus Data Collection<\/em><br>Alireza Bakhshi Zadi Mahmoodi and Ella Peltonen<\/td><\/tr><tr><td>30. <em>LiLoCA: Lightweight Lossy Compression Approach for Edge-Enabled Multimedia IoT Applications<\/em><br>Sara Kadhum Idrees, Ali Kadhum Idrees, Rapha\u00ebl Couturier, Joseph Azar, Rolf Schuster and Franck Gechter<\/td><\/tr><tr><td>40. Frequency Based Ranging (FBR) for Bluetooth Channel Sounding on a Single 2 MHz Channel<br>Santosh Nagaraj<\/td><\/tr><tr><td>8. <em>Bridging Technical Capability and User Accessibility: Off-grid Civilian Emergency Communication<\/em><br>Karim Khamaisi, Oliver Kamer, Bruno Rodrigues, Jan von der Assen and Burkhard Stiller<br><strong>(Best Paper Candidate)<\/strong><\/td><\/tr><tr><td rowspan=\"3\">S6<\/td><td rowspan=\"3\"><strong>Sustainability and IoT for Energy and Environment<\/strong> <em>(3 papers)<\/em><br><br>Chair: <strong>Sonja Meyer<\/strong><\/td><td>43. <em>Tangible IoT Interfaces for Domestic Energy Awareness: A Field Study with the Energy Inspectors<\/em><br>Florian G\u00fcldenpfennig and Claudio Geisselmann<\/td><\/tr><tr><td>38. <em>Estimation Time of Escape (ETE) by Monitoring the Building Evacuation Flow<\/em><br>Max Ostermann, Erdal Akin and Arezoo Sarkheyli-H\u00e4gele<\/td><\/tr><tr><td>44. <em>A Trigger for the Autonomous Decommissioning of Smart Devices<\/em><br>Ravindra Mangar, Jared Chandler, Jingyu Qian, Carl Gunter, Timothy Pierson and David Kotz<\/td><\/tr><tr><td rowspan=\"3\">S7<\/td><td rowspan=\"3\"><strong>IoT Systems Benchmarking, Evaluation, and Analytics<\/strong> <em>(3 papers)<\/em><br><br>Chair: <strong>Ella Peltonen<\/strong><\/td><td>37. <em>A Context-Aware Benchmarking Approach for Scenario-Based Evaluation of Smart Devices<\/em><br>Nikolaos Papadakis, Athanasios Tsirikas, Fotios Fouskas, Krish Chatterjie, Christian Badolato, Gregory Blanc, Roberto Yus, Kostas Magoutis and Georgios Bouloukakis<\/td><\/tr><tr><td>22. <em>A Two-Stage Federated Learning Framework for Human Activity and Anomaly Detection in IoMT<\/em><br>Abylay Salimzhanov, Ayaulym Tynyssova, Temirlan Tursynbekov, Saida Tulebayeva, Ayazhan Yelmagambetova, Enver Ever and Adnan Yazici<\/td><\/tr><tr><td>39. FLAIR: QoS-Aware Scheduling and Workload Placement in Fog-Enabled Smart Manufacturing Warehouses<br>Daiwik Swaminathan, Ps Saikrishna, Diwakar Krishnamurthy and Joydeep Mukherjee<\/td><\/tr><tr><td rowspan=\"4\">S8<\/td><td rowspan=\"4\"><strong>Human Interaction and IoT Interfaces<\/strong><br><br>Chair: <strong>Pantelis Frangoudis<\/strong><\/td><td>45. <em>Is wearable data reliable for monitoring behavior? Design of a wearable-based IoMT puzzle game for remote behavior monitoring<\/em><br>Shehjar Sadhu, Nishtha Bhagat, Elijah Castillo, Lisa Weyandt, Kunal Mankodiya, Dhaval Solanki<\/td><\/tr><tr><td>54. <em>Web of Things Approach to Universally Control Robots in Augmented Reality<\/em><br>Roman Binkert, Abdullah Al-Hatem, Fady Salama, Ege Korkan, Sebastian K\u00e4bisch and Sebastian Steinhorst<\/td><\/tr><tr><td>3. <em>Integrating AI Assistants to Advance GIS Application Usability<\/em><br>Ambika Shahu, Patrick Cipot, Philipp Asteriou, Philipp Wintersberger and Florian Michahelles<\/td><\/tr><tr><td>5. <em>Mobile Computing for Classical Archaeology: Smartphone LiDAR Modeling of Campanian Features<\/em><br>Laura Nissin, Aleksi Vuorinen and Ella Peltonen<\/td><\/tr><\/tbody><\/table><\/figure>\n\n\n\n<h2 class=\"wp-block-heading\"><strong>Posters<\/strong><\/h2>\n\n\n\n<figure class=\"wp-block-table\"><table class=\"has-fixed-layout\"><tbody><tr><td>Yukina Kato, Toshihide Saitou, Wataru Akahori, Masakuni Ishii, Ushio Shibusawa and Tatsuo Nakajima. <em>ChatfAIry: An IoT-based Platform with AI Partners to Promote Remote Informal Communication<\/em><\/td><\/tr><tr><td>Ioannis Korontanis, Athina Zacharia, Antonios Makris, Maria Pateraki and Konstantinos Tserpes.  <em>Streamlining ML Training in Kubernetes: An MLOps Architecture with Kubeflow<\/em><\/td><\/tr><tr><td>Rajalakshmi Krishnamurthi and Rajnish Kumar. <em>AF-QLSTM: Acoustic Feature Prediction using Quantum LSTM for Smart City<\/em><\/td><\/tr><tr><td>Sonja Meyer and Simon Blaser. <em>The Untapped Potential of Green IoT APIs: Impact of API Design Principles in the Internet of Things<\/em><\/td><\/tr><tr><td>Filip Belohlavek, Andrej Pajtas and Marek Neruda. <em>DMap-Zero: A Lightweight Security-First Platform for Distributed IoT Applications<\/em><\/td><\/tr><tr><td>Eunyoung Byun and Jemin Hwang. <em> Safety Assessment of Generative AI Models in Home IoT Contexts<\/em><\/td><\/tr><\/tbody><\/table><\/figure>\n\n\n\n<h2 class=\"wp-block-heading\">Workshop and Tutorial Programs<\/h2>\n\n\n\n<blockquote class=\"wp-block-quote is-layout-flow wp-block-quote-is-layout-flow\">\n<p><strong>All workshops and tutorials take place on Nov 18, 2025<\/strong><\/p>\n<\/blockquote>\n\n\n\n<h2 class=\"wp-block-heading\"><strong>ScaleSys<\/strong> <\/h2>\n\n\n\n<p>Location: <a href=\"https:\/\/maps.tuwien.ac.at\/?q=AAEG18GR\">Prechtlsaal<\/a><\/p>\n\n\n\n<figure class=\"wp-block-table alignleft\"><table class=\"has-fixed-layout\"><tbody><tr><td>09:00-09:15<\/td><td>Workshop Introduction<\/td><\/tr><tr><td>09:15-10:15<\/td><td>Ketnote1: Prof. Atakan Aral<\/td><\/tr><tr><td>10:15-10:30<\/td><td>Short Paper1: From Latency to Engagement: Technical Synergies and Ethical Questions in IoT-Enabled Gaming<\/td><\/tr><tr><td><\/td><td><\/td><\/tr><tr><td>10:30-11:00<\/td><td>Coffee Break<\/td><\/tr><tr><td><\/td><td><\/td><\/tr><tr><td>11:00-11:30<\/td><td>Full Paper1: WebAssembly on Resource-Constrained IoT Devices: Performance, Efficiency, and Portability<\/td><\/tr><tr><td>11:30-12:00<\/td><td>Full Paper2: Serverless Everywhere: A Comparative Analysis of WebAssembly Workflows Across Browser, Edge, and Cloud<\/td><\/tr><tr><td>12:00-12:30<\/td><td>Full Paper3: Wi-Fi Enabled Edge Intelligence Framework for Smart City Traffic Monitoring using Low-Power IoT Cameras<\/td><\/tr><tr><td><\/td><td><\/td><\/tr><tr><td>14:00-14:30<\/td><td>Full Paper4: Predicting Encoding Energy from Low-Pass Anchors for Green Video Streaming<\/td><\/tr><tr><td>14:30-14:45<\/td><td>Short Paper2: Toward Sustainability-Aware LLM Inference on Edge Clusters<\/td><\/tr><tr><td>15:00-16:00<\/td><td>Keynote2: Prof. Lauri Loven<\/td><\/tr><\/tbody><\/table><\/figure>\n\n\n\n<h2 class=\"wp-block-heading\">LongevIoT<\/h2>\n\n\n\n<p>Location: Besprechungsraum AD0117<\/p>\n\n\n\n<figure class=\"wp-block-table alignleft\"><table class=\"has-fixed-layout\"><tbody><tr><td>13:30-14:30<\/td><td>Keynote: Prof. Roberto Morabito &#8211; From Deployment to Longevity: Can Agentic AI Sustain IoT Systems?<\/td><\/tr><tr><td>14:30-15:00<\/td><td>Full Paper 1: Neural Caching: Improving Longevity of Smart IoT Devices running Artificial Neural Networks<\/td><\/tr><tr><td><\/td><td><\/td><\/tr><tr><td>15:00-15:30<\/td><td>Coffee Break<\/td><\/tr><tr><td><\/td><td><\/td><\/tr><tr><td>15:30-16:00<\/td><td>Full Paper 2: Hybrid IoT Platform Architectures for Flexible and Longstanding Deployments<\/td><\/tr><tr><td>16:00-16:30<\/td><td>Full Paper 3: From Noise to Knowledge: A Comparative Study of Acoustic Anomaly Detection Models in Pumped-storage Hydropower Plants<\/td><\/tr><tr><td>16:30-17:30<\/td><td>Open Forum: Jumpstarting IoT Longevity Research: A Collaborative Discussion<\/td><\/tr><tr><td>17:30-17:45<\/td><td>Closing Remarks &amp; Best Paper Award<\/td><\/tr><\/tbody><\/table><\/figure>\n\n\n\n<h2 class=\"wp-block-heading\">Tutorial: Orchestrating Hierarchical Federated Learning Pipelines with the AIoTwin Middleware<\/h2>\n\n\n\n<p>Location: Besprechungsraum AD0117<\/p>\n\n\n\n<figure class=\"wp-block-table alignleft\"><table class=\"has-fixed-layout\"><tbody><tr><td>09:30-10:30<\/td><td>Part 1<\/td><\/tr><tr><td><\/td><td><\/td><\/tr><tr><td>10:30-11:00<\/td><td>Coffee break<\/td><\/tr><tr><td><\/td><td><\/td><\/tr><tr><td>11:00-12:30<\/td><td>Part 2<\/td><\/tr><\/tbody><\/table><\/figure>\n","protected":false},"excerpt":{"rendered":"<p>Nov 19th Time Activity 08:30-09:00 Registration 09:00-09:30 Opening Ceremony (Welcome from TU Vienna \/ Conference Stats \/ Social Program) 09:30-10:30 Keynote 1 10:30-11:00 Coffee Break 11:00-12:30 Session 1 (4 papers) &#8230;<\/p>\n","protected":false},"author":15,"featured_media":0,"parent":0,"menu_order":0,"comment_status":"closed","ping_status":"closed","template":"","meta":{"footnotes":""},"class_list":["post-254","page","type-page","status-publish","hentry"],"_links":{"self":[{"href":"https:\/\/iot-conference.org\/iot2025\/wp-json\/wp\/v2\/pages\/254","targetHints":{"allow":["GET"]}}],"collection":[{"href":"https:\/\/iot-conference.org\/iot2025\/wp-json\/wp\/v2\/pages"}],"about":[{"href":"https:\/\/iot-conference.org\/iot2025\/wp-json\/wp\/v2\/types\/page"}],"author":[{"embeddable":true,"href":"https:\/\/iot-conference.org\/iot2025\/wp-json\/wp\/v2\/users\/15"}],"replies":[{"embeddable":true,"href":"https:\/\/iot-conference.org\/iot2025\/wp-json\/wp\/v2\/comments?post=254"}],"version-history":[{"count":12,"href":"https:\/\/iot-conference.org\/iot2025\/wp-json\/wp\/v2\/pages\/254\/revisions"}],"predecessor-version":[{"id":308,"href":"https:\/\/iot-conference.org\/iot2025\/wp-json\/wp\/v2\/pages\/254\/revisions\/308"}],"wp:attachment":[{"href":"https:\/\/iot-conference.org\/iot2025\/wp-json\/wp\/v2\/media?parent=254"}],"curies":[{"name":"wp","href":"https:\/\/api.w.org\/{rel}","templated":true}]}}